{"id":125,"date":"2019-07-03T12:35:31","date_gmt":"2019-07-03T12:35:31","guid":{"rendered":"http:\/\/www.tibetan-terrier.cz\/?page_id=125"},"modified":"2022-10-28T20:21:18","modified_gmt":"2022-10-28T20:21:18","slug":"nasi-tt","status":"publish","type":"page","link":"https:\/\/www.tibetan-terrier.cz\/index.php\/nasi-tt\/","title":{"rendered":"Na\u0161i tibet\u0161t\u00ed teri\u00e9\u0159i"},"content":{"rendered":"\n<figure class=\"wp-block-table aligncenter is-style-regular\"><table class=\"has-fixed-layout\"><tbody><tr><td><strong><a href=\"http:\/\/Urgos\">RONY<\/a><\/strong><br>GCh. Urgos Sengge <br>*2019<\/td><td><a href=\"https:\/\/www.tibetan-terrier.cz\/index.php\/urgos-sengge-rony\/\"><img loading=\"lazy\" decoding=\"async\" width=\"300\" height=\"249\" class=\"wp-image-1808\" style=\"width: 300px;\" src=\"https:\/\/www.tibetan-terrier.cz\/wp-content\/uploads\/2021\/11\/Rony2021-2s.jpg\" alt=\"\" srcset=\"https:\/\/www.tibetan-terrier.cz\/wp-content\/uploads\/2021\/11\/Rony2021-2s.jpg 1447w, https:\/\/www.tibetan-terrier.cz\/wp-content\/uploads\/2021\/11\/Rony2021-2s-300x249.jpg 300w, https:\/\/www.tibetan-terrier.cz\/wp-content\/uploads\/2021\/11\/Rony2021-2s-1024x849.jpg 1024w, https:\/\/www.tibetan-terrier.cz\/wp-content\/uploads\/2021\/11\/Rony2021-2s-768x637.jpg 768w\" sizes=\"auto, (max-width: 300px) 100vw, 300px\" \/><\/a><\/td><\/tr><tr><td><strong><a href=\"http:\/\/www.tibetan-terrier.cz\/index.php\/ch-rika-sengge\/\">RIKA<\/a><\/strong><br>Ch. Rika Sengge<br> *2015<\/td><td><a href=\"http:\/\/www.tibetan-terrier.cz\/index.php\/ch-rika-sengge\/\"><img loading=\"lazy\" decoding=\"async\" width=\"300\" height=\"250\" class=\"wp-image-174\" style=\"width: 300px;\" src=\"http:\/\/www.tibetan-terrier.cz\/wp-content\/uploads\/2019\/07\/Rika-2017.jpg\" alt=\"\" srcset=\"https:\/\/www.tibetan-terrier.cz\/wp-content\/uploads\/2019\/07\/Rika-2017.jpg 600w, https:\/\/www.tibetan-terrier.cz\/wp-content\/uploads\/2019\/07\/Rika-2017-300x250.jpg 300w\" sizes=\"auto, (max-width: 300px) 100vw, 300px\" \/><\/a><\/td><\/tr><tr><td> <strong><a href=\"http:\/\/www.tibetan-terrier.cz\/index.php\/c-i-b-sumanshu-going-to-gold\/\">GOLDIE<\/a><\/strong><br> C.I.B. Sumanshu Going for Gold<br> *2012 <\/td><td><a href=\"http:\/\/www.tibetan-terrier.cz\/index.php\/c-i-b-sumanshu-going-to-gold\/\"><img loading=\"lazy\" decoding=\"async\" width=\"300\" height=\"240\" class=\"wp-image-173\" style=\"width: 300px;\" src=\"http:\/\/www.tibetan-terrier.cz\/wp-content\/uploads\/2019\/07\/Goldie2014b.jpg\" alt=\"\" srcset=\"https:\/\/www.tibetan-terrier.cz\/wp-content\/uploads\/2019\/07\/Goldie2014b.jpg 553w, https:\/\/www.tibetan-terrier.cz\/wp-content\/uploads\/2019\/07\/Goldie2014b-300x240.jpg 300w\" sizes=\"auto, (max-width: 300px) 100vw, 300px\" \/><\/a><\/td><\/tr><\/tbody><\/table><\/figure>\n\n\n\n<h2 class=\"wp-block-heading\"><strong><middle>IN MEMORIAM<\/middle><\/strong><\/h2>\n\n\n\n<figure class=\"wp-block-table aligncenter\"><table><tbody><tr><td> <strong><a href=\"http:\/\/www.tibetan-terrier.cz\/index.php\/c-i-b-marco-polo-sengge\/\">MAX<\/a> <\/strong>  <br> C.I.B. Marco Polo Sengge \/ *2004<br><a href=\"http:\/\/www.tibetan-terrier.cz\/index.php\/c-i-b-marco-polo-sengge\/\"><img loading=\"lazy\" decoding=\"async\" width=\"250\" height=\"196\" class=\"wp-image-195\" style=\"width: 250px;\" src=\"http:\/\/www.tibetan-terrier.cz\/wp-content\/uploads\/2019\/07\/Marco-2009-Blava.jpg\" alt=\"\" srcset=\"https:\/\/www.tibetan-terrier.cz\/wp-content\/uploads\/2019\/07\/Marco-2009-Blava.jpg 575w, https:\/\/www.tibetan-terrier.cz\/wp-content\/uploads\/2019\/07\/Marco-2009-Blava-300x235.jpg 300w\" sizes=\"auto, (max-width: 250px) 100vw, 250px\" \/><\/a><\/td><td> <strong><a href=\"http:\/\/www.tibetan-terrier.cz\/index.php\/ch-sumanshu-chiwa-for-sengge\/\">CHIWA<\/a><\/strong>  <br> Ch. Sumanshu Chiwa for Sengge \/ *2005  <br><a href=\"http:\/\/www.tibetan-terrier.cz\/index.php\/ch-sumanshu-chiwa-for-sengge\/\"><img loading=\"lazy\" decoding=\"async\" width=\"250\" height=\"204\" class=\"wp-image-193\" style=\"width: 250px;\" src=\"http:\/\/www.tibetan-terrier.cz\/wp-content\/uploads\/2019\/07\/Chiwa17m-01-e1562240365189.jpg\" alt=\"\" srcset=\"https:\/\/www.tibetan-terrier.cz\/wp-content\/uploads\/2019\/07\/Chiwa17m-01-e1562240365189.jpg 400w, https:\/\/www.tibetan-terrier.cz\/wp-content\/uploads\/2019\/07\/Chiwa17m-01-e1562240365189-300x245.jpg 300w\" sizes=\"auto, (max-width: 250px) 100vw, 250px\" \/><\/a><\/td><\/tr><tr><td>  <strong><a href=\"http:\/\/www.tibetan-terrier.cz\/index.php\/quando-sengge-zorro\/\">ZORRO<\/a><\/strong><a href=\"http:\/\/www.tibetan-terrier.cz\/index.php\/quando-sengge-zorro\/\"> <\/a>  <br>  Quando Sengge  \/ *2009<br><a href=\"http:\/\/www.tibetan-terrier.cz\/index.php\/quando-sengge-zorro\/\"><img loading=\"lazy\" decoding=\"async\" width=\"250\" height=\"192\" class=\"wp-image-192\" style=\"width: 250px;\" src=\"http:\/\/www.tibetan-terrier.cz\/wp-content\/uploads\/2019\/07\/Zorro-17m01.jpg\" alt=\"\" srcset=\"https:\/\/www.tibetan-terrier.cz\/wp-content\/uploads\/2019\/07\/Zorro-17m01.jpg 521w, https:\/\/www.tibetan-terrier.cz\/wp-content\/uploads\/2019\/07\/Zorro-17m01-300x230.jpg 300w\" sizes=\"auto, (max-width: 250px) 100vw, 250px\" \/><\/a>   <\/td><td>  <strong><a href=\"http:\/\/www.tibetan-terrier.cz\/index.php\/ch-janis-joplin-sengge-jenny\/\">JENNY<\/a><\/strong>   <br>  Ch. Janis Joplin Sengge \/ *2000<br><a href=\"http:\/\/www.tibetan-terrier.cz\/index.php\/ch-janis-joplin-sengge-jenny\/\"><img loading=\"lazy\" decoding=\"async\" width=\"250\" height=\"195\" class=\"wp-image-206\" style=\"width: 250px;\" src=\"http:\/\/www.tibetan-terrier.cz\/wp-content\/uploads\/2019\/07\/Jenny11-e1562240407164.jpg\" alt=\"\" srcset=\"https:\/\/www.tibetan-terrier.cz\/wp-content\/uploads\/2019\/07\/Jenny11-e1562240407164.jpg 467w, https:\/\/www.tibetan-terrier.cz\/wp-content\/uploads\/2019\/07\/Jenny11-e1562240407164-300x234.jpg 300w\" sizes=\"auto, (max-width: 250px) 100vw, 250px\" \/><\/a><\/td><\/tr><tr><td><strong> <a href=\"http:\/\/www.tibetan-terrier.cz\/index.php\/ch-hor-khang-tashi-bodjul\/\">\u010cAN\u00c1NEK 2<\/a><\/strong>   <br> Ch. Hor-Khang Tashi Bodjul \/ *2000<br> <a href=\"http:\/\/www.tibetan-terrier.cz\/index.php\/ch-hor-khang-tashi-bodjul\/\"><img loading=\"lazy\" decoding=\"async\" width=\"250\" height=\"203\" class=\"wp-image-205\" style=\"width: 250px;\" src=\"http:\/\/www.tibetan-terrier.cz\/wp-content\/uploads\/2019\/07\/Horkhang01.jpg\" alt=\"\" srcset=\"https:\/\/www.tibetan-terrier.cz\/wp-content\/uploads\/2019\/07\/Horkhang01.jpg 380w, https:\/\/www.tibetan-terrier.cz\/wp-content\/uploads\/2019\/07\/Horkhang01-300x243.jpg 300w\" sizes=\"auto, (max-width: 250px) 100vw, 250px\" \/><\/a><\/td><td> <strong><a href=\"http:\/\/www.tibetan-terrier.cz\/index.php\/ch-san-tserei-laika-sani\/\">SANI<\/a><\/strong><a href=\"http:\/\/www.tibetan-terrier.cz\/index.php\/ch-san-tserei-laika-sani\/\">  <\/a><br>  Ch. San-Tserei Laika \/ *1996<br><a href=\"http:\/\/www.tibetan-terrier.cz\/index.php\/ch-san-tserei-laika-sani\/\"><img loading=\"lazy\" decoding=\"async\" width=\"250\" height=\"198\" class=\"wp-image-214\" style=\"width: 250px;\" src=\"http:\/\/www.tibetan-terrier.cz\/wp-content\/uploads\/2019\/07\/Sani-453x358.jpg\" alt=\"\" srcset=\"https:\/\/www.tibetan-terrier.cz\/wp-content\/uploads\/2019\/07\/Sani-453x358.jpg 453w, https:\/\/www.tibetan-terrier.cz\/wp-content\/uploads\/2019\/07\/Sani-453x358-300x237.jpg 300w\" sizes=\"auto, (max-width: 250px) 100vw, 250px\" \/><\/a>  <\/td><\/tr><tr><td> <strong><a href=\"http:\/\/www.tibetan-terrier.cz\/index.php\/ch-dschowos-chandu\/\">\u010cAN\u00c1NEK 1<\/a><\/strong> <br>  Ch. Dschowo&#8217;s Chandu \/ *1997<br><a href=\"http:\/\/www.tibetan-terrier.cz\/index.php\/ch-dschowos-chandu\/\"><img loading=\"lazy\" decoding=\"async\" width=\"250\" height=\"216\" class=\"wp-image-209\" style=\"width: 250px;\" src=\"http:\/\/www.tibetan-terrier.cz\/wp-content\/uploads\/2019\/07\/Chandu2001-Kerpen-a.jpg\" alt=\"\" srcset=\"https:\/\/www.tibetan-terrier.cz\/wp-content\/uploads\/2019\/07\/Chandu2001-Kerpen-a.jpg 511w, https:\/\/www.tibetan-terrier.cz\/wp-content\/uploads\/2019\/07\/Chandu2001-Kerpen-a-300x259.jpg 300w\" sizes=\"auto, (max-width: 250px) 100vw, 250px\" \/><\/a><\/td><td> <strong><a href=\"http:\/\/www.tibetan-terrier.cz\/index.php\/ama-la-sherpa\/\">AM\u00c1LKA<\/a><\/strong>  <br> Ama-La Sherpa  \/ *1993   <br><a href=\"http:\/\/www.tibetan-terrier.cz\/index.php\/ama-la-sherpa\/\"><img loading=\"lazy\" decoding=\"async\" width=\"250\" height=\"213\" class=\"wp-image-218\" style=\"width: 250px;\" src=\"http:\/\/www.tibetan-terrier.cz\/wp-content\/uploads\/2019\/07\/Amalka01.jpg\" alt=\"\" srcset=\"https:\/\/www.tibetan-terrier.cz\/wp-content\/uploads\/2019\/07\/Amalka01.jpg 679w, https:\/\/www.tibetan-terrier.cz\/wp-content\/uploads\/2019\/07\/Amalka01-300x256.jpg 300w\" sizes=\"auto, (max-width: 250px) 100vw, 250px\" \/><\/a><\/td><\/tr><tr><td> <strong><a href=\"http:\/\/www.tibetan-terrier.cz\/index.php\/ch-roeneeka-voodoo-at-alilah\/\">VOODOO<\/a><\/strong><a href=\"http:\/\/www.tibetan-terrier.cz\/index.php\/ch-roeneeka-voodoo-at-alilah\/\"> <\/a><br> Ch. Roeneeka Voodoo at Alilah \/ *1992<br><a href=\"http:\/\/www.tibetan-terrier.cz\/index.php\/ch-roeneeka-voodoo-at-alilah\/\"><img loading=\"lazy\" decoding=\"async\" width=\"250\" height=\"222\" class=\"wp-image-216\" style=\"width: 250px;\" src=\"http:\/\/www.tibetan-terrier.cz\/wp-content\/uploads\/2019\/07\/Voodoo01.jpg\" alt=\"\" srcset=\"https:\/\/www.tibetan-terrier.cz\/wp-content\/uploads\/2019\/07\/Voodoo01.jpg 360w, https:\/\/www.tibetan-terrier.cz\/wp-content\/uploads\/2019\/07\/Voodoo01-300x267.jpg 300w\" sizes=\"auto, (max-width: 250px) 100vw, 250px\" \/><\/a><\/td><td> <strong><a href=\"http:\/\/www.tibetan-terrier.cz\/index.php\/bentej-sadhana\/\">BENTY<\/a><\/strong>   <br> Bentej Sadhana  \/ *1989  <br><a href=\"http:\/\/www.tibetan-terrier.cz\/index.php\/bentej-sadhana\/\"><img loading=\"lazy\" decoding=\"async\" width=\"250\" height=\"216\" class=\"wp-image-220\" style=\"width: 250px;\" src=\"http:\/\/www.tibetan-terrier.cz\/wp-content\/uploads\/2019\/07\/Bentej02.jpg\" alt=\"\" srcset=\"https:\/\/www.tibetan-terrier.cz\/wp-content\/uploads\/2019\/07\/Bentej02.jpg 335w, https:\/\/www.tibetan-terrier.cz\/wp-content\/uploads\/2019\/07\/Bentej02-300x260.jpg 300w\" sizes=\"auto, (max-width: 250px) 100vw, 250px\" \/><\/a><\/td><\/tr><tr><td> <strong><a href=\"http:\/\/www.tibetan-terrier.cz\/index.php\/c-i-b-dschowo-lamleh-von-nama-schu\/\">DSCHOWO<\/a><\/strong>   <br> C.I.B. Dschowo Lamleh von Nama-schu  \/ *1991<br><a href=\"http:\/\/www.tibetan-terrier.cz\/index.php\/c-i-b-dschowo-lamleh-von-nama-schu\/\"><img loading=\"lazy\" decoding=\"async\" width=\"250\" height=\"207\" class=\"wp-image-219\" style=\"width: 250px;\" src=\"http:\/\/www.tibetan-terrier.cz\/wp-content\/uploads\/2019\/07\/Dschowo02e.jpg\" alt=\"\" srcset=\"https:\/\/www.tibetan-terrier.cz\/wp-content\/uploads\/2019\/07\/Dschowo02e.jpg 1005w, https:\/\/www.tibetan-terrier.cz\/wp-content\/uploads\/2019\/07\/Dschowo02e-300x249.jpg 300w, https:\/\/www.tibetan-terrier.cz\/wp-content\/uploads\/2019\/07\/Dschowo02e-768x637.jpg 768w\" sizes=\"auto, (max-width: 250px) 100vw, 250px\" \/><\/a><\/td><td> <strong><a href=\"http:\/\/www.tibetan-terrier.cz\/index.php\/aris-ze-strze\/\">ARIS<\/a><\/strong><a href=\"http:\/\/www.tibetan-terrier.cz\/index.php\/aris-ze-strze\/\"> <\/a><br> Aris ze Str\u017ee \/ *1986<br><a href=\"http:\/\/www.tibetan-terrier.cz\/index.php\/aris-ze-strze\/\"><img loading=\"lazy\" decoding=\"async\" width=\"250\" height=\"222\" class=\"wp-image-221\" style=\"width: 250px;\" src=\"http:\/\/www.tibetan-terrier.cz\/wp-content\/uploads\/2019\/07\/Aris-1989-11c.jpg\" alt=\"\" srcset=\"https:\/\/www.tibetan-terrier.cz\/wp-content\/uploads\/2019\/07\/Aris-1989-11c.jpg 563w, https:\/\/www.tibetan-terrier.cz\/wp-content\/uploads\/2019\/07\/Aris-1989-11c-300x266.jpg 300w\" sizes=\"auto, (max-width: 250px) 100vw, 250px\" \/><\/a><\/td><\/tr><\/tbody><\/table><\/figure>\n","protected":false},"excerpt":{"rendered":"<p>RONYGCh. Urgos Sengge *2019 RIKACh. Rika Sengge *2015 GOLDIE C.I.B. Sumanshu Going for Gold *2012 IN MEMORIAM MAX C.I.B. Marco Polo Sengge \/ *2004 CHIWA Ch. Sumanshu Chiwa for Sengge \/ *2005 ZORRO Quando Sengge \/ *2009 JENNY Ch. Janis<\/p>\n","protected":false},"author":1,"featured_media":0,"parent":0,"menu_order":0,"comment_status":"closed","ping_status":"closed","template":"","meta":{"_mo_disable_npp":"","footnotes":""},"class_list":["post-125","page","type-page","status-publish","hentry"],"yoast_head":"<!-- This site is optimized with the Yoast SEO plugin v22.0 - https:\/\/yoast.com\/wordpress\/plugins\/seo\/ -->\n<title>Na\u0161i tibet\u0161t\u00ed teri\u00e9\u0159i - SENGGE Tibetan Terriers<\/title>\n<meta name=\"robots\" content=\"index, follow, max-snippet:-1, max-image-preview:large, max-video-preview:-1\" \/>\n<link rel=\"canonical\" href=\"https:\/\/www.tibetan-terrier.cz\/index.php\/nasi-tt\/\" \/>\n<meta property=\"og:locale\" content=\"cs_CZ\" \/>\n<meta property=\"og:type\" content=\"article\" \/>\n<meta property=\"og:title\" content=\"Na\u0161i tibet\u0161t\u00ed teri\u00e9\u0159i - SENGGE Tibetan Terriers\" \/>\n<meta property=\"og:description\" content=\"RONYGCh. Urgos Sengge *2019 RIKACh. Rika Sengge *2015 GOLDIE C.I.B. Sumanshu Going for Gold *2012 IN MEMORIAM MAX C.I.B. Marco Polo Sengge \/ *2004 CHIWA Ch. Sumanshu Chiwa for Sengge \/ *2005 ZORRO Quando Sengge \/ *2009 JENNY Ch. Janis\" \/>\n<meta property=\"og:url\" content=\"https:\/\/www.tibetan-terrier.cz\/index.php\/nasi-tt\/\" \/>\n<meta property=\"og:site_name\" content=\"SENGGE Tibetan Terriers\" \/>\n<meta property=\"article:modified_time\" content=\"2022-10-28T20:21:18+00:00\" \/>\n<meta property=\"og:image\" content=\"https:\/\/www.tibetan-terrier.cz\/wp-content\/uploads\/2021\/11\/Rony2021-2s.jpg\" \/>\n<meta name=\"twitter:card\" content=\"summary_large_image\" \/>\n<meta name=\"twitter:label1\" content=\"Odhadovan\u00e1 doba \u010dten\u00ed\" \/>\n\t<meta name=\"twitter:data1\" content=\"4 minuty\" \/>\n<script type=\"application\/ld+json\" class=\"yoast-schema-graph\">{\"@context\":\"https:\/\/schema.org\",\"@graph\":[{\"@type\":\"WebPage\",\"@id\":\"https:\/\/www.tibetan-terrier.cz\/index.php\/nasi-tt\/\",\"url\":\"https:\/\/www.tibetan-terrier.cz\/index.php\/nasi-tt\/\",\"name\":\"Na\u0161i tibet\u0161t\u00ed teri\u00e9\u0159i - SENGGE Tibetan Terriers\",\"isPartOf\":{\"@id\":\"https:\/\/www.tibetan-terrier.cz\/#website\"},\"datePublished\":\"2019-07-03T12:35:31+00:00\",\"dateModified\":\"2022-10-28T20:21:18+00:00\",\"breadcrumb\":{\"@id\":\"https:\/\/www.tibetan-terrier.cz\/index.php\/nasi-tt\/#breadcrumb\"},\"inLanguage\":\"cs\",\"potentialAction\":[{\"@type\":\"ReadAction\",\"target\":[\"https:\/\/www.tibetan-terrier.cz\/index.php\/nasi-tt\/\"]}]},{\"@type\":\"BreadcrumbList\",\"@id\":\"https:\/\/www.tibetan-terrier.cz\/index.php\/nasi-tt\/#breadcrumb\",\"itemListElement\":[{\"@type\":\"ListItem\",\"position\":1,\"name\":\"Dom\u016f\",\"item\":\"https:\/\/www.tibetan-terrier.cz\/\"},{\"@type\":\"ListItem\",\"position\":2,\"name\":\"Na\u0161i tibet\u0161t\u00ed teri\u00e9\u0159i\"}]},{\"@type\":\"WebSite\",\"@id\":\"https:\/\/www.tibetan-terrier.cz\/#website\",\"url\":\"https:\/\/www.tibetan-terrier.cz\/\",\"name\":\"SENGGE Tibetan Terriers\",\"description\":\"\",\"publisher\":{\"@id\":\"https:\/\/www.tibetan-terrier.cz\/#\/schema\/person\/ed64c1f3c3e52fdaaeb9a3019fbfbbbd\"},\"potentialAction\":[{\"@type\":\"SearchAction\",\"target\":{\"@type\":\"EntryPoint\",\"urlTemplate\":\"https:\/\/www.tibetan-terrier.cz\/?s={search_term_string}\"},\"query-input\":\"required name=search_term_string\"}],\"inLanguage\":\"cs\"},{\"@type\":[\"Person\",\"Organization\"],\"@id\":\"https:\/\/www.tibetan-terrier.cz\/#\/schema\/person\/ed64c1f3c3e52fdaaeb9a3019fbfbbbd\",\"name\":\"Sengge\",\"image\":{\"@type\":\"ImageObject\",\"inLanguage\":\"cs\",\"@id\":\"https:\/\/www.tibetan-terrier.cz\/#\/schema\/person\/image\/\",\"url\":\"https:\/\/www.tibetan-terrier.cz\/wp-content\/uploads\/2019\/07\/SengLogo7..jpg\",\"contentUrl\":\"https:\/\/www.tibetan-terrier.cz\/wp-content\/uploads\/2019\/07\/SengLogo7..jpg\",\"width\":801,\"height\":125,\"caption\":\"Sengge\"},\"logo\":{\"@id\":\"https:\/\/www.tibetan-terrier.cz\/#\/schema\/person\/image\/\"},\"sameAs\":[\"http:\/\/www.tibetan-terrier.cz\"]}]}<\/script>\n<!-- \/ Yoast SEO plugin. -->","yoast_head_json":{"title":"Na\u0161i tibet\u0161t\u00ed teri\u00e9\u0159i - SENGGE Tibetan Terriers","robots":{"index":"index","follow":"follow","max-snippet":"max-snippet:-1","max-image-preview":"max-image-preview:large","max-video-preview":"max-video-preview:-1"},"canonical":"https:\/\/www.tibetan-terrier.cz\/index.php\/nasi-tt\/","og_locale":"cs_CZ","og_type":"article","og_title":"Na\u0161i tibet\u0161t\u00ed teri\u00e9\u0159i - SENGGE Tibetan Terriers","og_description":"RONYGCh. Urgos Sengge *2019 RIKACh. Rika Sengge *2015 GOLDIE C.I.B. Sumanshu Going for Gold *2012 IN MEMORIAM MAX C.I.B. Marco Polo Sengge \/ *2004 CHIWA Ch. Sumanshu Chiwa for Sengge \/ *2005 ZORRO Quando Sengge \/ *2009 JENNY Ch. Janis","og_url":"https:\/\/www.tibetan-terrier.cz\/index.php\/nasi-tt\/","og_site_name":"SENGGE Tibetan Terriers","article_modified_time":"2022-10-28T20:21:18+00:00","og_image":[{"url":"https:\/\/www.tibetan-terrier.cz\/wp-content\/uploads\/2021\/11\/Rony2021-2s.jpg"}],"twitter_card":"summary_large_image","twitter_misc":{"Odhadovan\u00e1 doba \u010dten\u00ed":"4 minuty"},"schema":{"@context":"https:\/\/schema.org","@graph":[{"@type":"WebPage","@id":"https:\/\/www.tibetan-terrier.cz\/index.php\/nasi-tt\/","url":"https:\/\/www.tibetan-terrier.cz\/index.php\/nasi-tt\/","name":"Na\u0161i tibet\u0161t\u00ed teri\u00e9\u0159i - SENGGE Tibetan Terriers","isPartOf":{"@id":"https:\/\/www.tibetan-terrier.cz\/#website"},"datePublished":"2019-07-03T12:35:31+00:00","dateModified":"2022-10-28T20:21:18+00:00","breadcrumb":{"@id":"https:\/\/www.tibetan-terrier.cz\/index.php\/nasi-tt\/#breadcrumb"},"inLanguage":"cs","potentialAction":[{"@type":"ReadAction","target":["https:\/\/www.tibetan-terrier.cz\/index.php\/nasi-tt\/"]}]},{"@type":"BreadcrumbList","@id":"https:\/\/www.tibetan-terrier.cz\/index.php\/nasi-tt\/#breadcrumb","itemListElement":[{"@type":"ListItem","position":1,"name":"Dom\u016f","item":"https:\/\/www.tibetan-terrier.cz\/"},{"@type":"ListItem","position":2,"name":"Na\u0161i tibet\u0161t\u00ed teri\u00e9\u0159i"}]},{"@type":"WebSite","@id":"https:\/\/www.tibetan-terrier.cz\/#website","url":"https:\/\/www.tibetan-terrier.cz\/","name":"SENGGE Tibetan Terriers","description":"","publisher":{"@id":"https:\/\/www.tibetan-terrier.cz\/#\/schema\/person\/ed64c1f3c3e52fdaaeb9a3019fbfbbbd"},"potentialAction":[{"@type":"SearchAction","target":{"@type":"EntryPoint","urlTemplate":"https:\/\/www.tibetan-terrier.cz\/?s={search_term_string}"},"query-input":"required name=search_term_string"}],"inLanguage":"cs"},{"@type":["Person","Organization"],"@id":"https:\/\/www.tibetan-terrier.cz\/#\/schema\/person\/ed64c1f3c3e52fdaaeb9a3019fbfbbbd","name":"Sengge","image":{"@type":"ImageObject","inLanguage":"cs","@id":"https:\/\/www.tibetan-terrier.cz\/#\/schema\/person\/image\/","url":"https:\/\/www.tibetan-terrier.cz\/wp-content\/uploads\/2019\/07\/SengLogo7..jpg","contentUrl":"https:\/\/www.tibetan-terrier.cz\/wp-content\/uploads\/2019\/07\/SengLogo7..jpg","width":801,"height":125,"caption":"Sengge"},"logo":{"@id":"https:\/\/www.tibetan-terrier.cz\/#\/schema\/person\/image\/"},"sameAs":["http:\/\/www.tibetan-terrier.cz"]}]}},"_links":{"self":[{"href":"https:\/\/www.tibetan-terrier.cz\/index.php\/wp-json\/wp\/v2\/pages\/125","targetHints":{"allow":["GET"]}}],"collection":[{"href":"https:\/\/www.tibetan-terrier.cz\/index.php\/wp-json\/wp\/v2\/pages"}],"about":[{"href":"https:\/\/www.tibetan-terrier.cz\/index.php\/wp-json\/wp\/v2\/types\/page"}],"author":[{"embeddable":true,"href":"https:\/\/www.tibetan-terrier.cz\/index.php\/wp-json\/wp\/v2\/users\/1"}],"replies":[{"embeddable":true,"href":"https:\/\/www.tibetan-terrier.cz\/index.php\/wp-json\/wp\/v2\/comments?post=125"}],"version-history":[{"count":79,"href":"https:\/\/www.tibetan-terrier.cz\/index.php\/wp-json\/wp\/v2\/pages\/125\/revisions"}],"predecessor-version":[{"id":1890,"href":"https:\/\/www.tibetan-terrier.cz\/index.php\/wp-json\/wp\/v2\/pages\/125\/revisions\/1890"}],"wp:attachment":[{"href":"https:\/\/www.tibetan-terrier.cz\/index.php\/wp-json\/wp\/v2\/media?parent=125"}],"curies":[{"name":"wp","href":"https:\/\/api.w.org\/{rel}","templated":true}]}}