{"id":139,"date":"2019-07-03T13:11:55","date_gmt":"2019-07-03T13:11:55","guid":{"rendered":"http:\/\/www.tibetan-terrier.cz\/?page_id=139"},"modified":"2022-10-28T19:26:33","modified_gmt":"2022-10-28T19:26:33","slug":"stenatka","status":"publish","type":"page","link":"https:\/\/www.tibetan-terrier.cz\/index.php\/stenatka\/","title":{"rendered":"\u0160t\u011b\u0148\u00e1tka"},"content":{"rendered":"\n<p>\u0160t\u011b\u0148\u00e1tka m\u00e1me jen ob\u010das. V\u00a0z\u00e1jmu zdrav\u00ed plemene se sna\u017e\u00edme jen s rozvahou pou\u017e\u00edvat p\u0159\u00edbuzenskou plemenitbu. V\u017edy vyb\u00edr\u00e1me kvalitn\u00ed p\u0159edky z\u00a0mezin\u00e1rodn\u011b uzn\u00e1van\u00fdch lini\u00ed  tak, aby \u0161t\u011b\u0148\u00e1tka byla p\u0159\u00ednosem pro \u010desk\u00fd chov. Rodi\u010de \u0161t\u011b\u0148\u00e1tek maj\u00ed v\u017edy v\u0161echna pot\u0159ebn\u00e1 zdravotn\u00ed vy\u0161et\u0159en\u00ed, db\u00e1me na jejich vyrovnanou a p\u0159\u00e1telskou povahu i na typick\u00fd exteri\u00e9r. <br> Na\u0161e \u0161t\u011b\u0148\u00e1tka jsou dob\u0159e socializovan\u00e1, vyr\u016fstaj\u00ed v\u00a0dom\u00e1cnosti v\u00a0\u00fazk\u00e9m  kontaktu s\u00a0celou rodinou i s na\u0161imi psy. K\u00a0nov\u00fdm p\u00e1n\u016fm odch\u00e1zej\u00ed  nejd\u0159\u00edve v\u00a0osmi t\u00fddnech v\u00a0dobr\u00e9 fyzick\u00e9 i psychick\u00e9 kondici.  Samoz\u0159ejmost\u00ed je pr\u016fkaz p\u016fvodu FCI \/ \u010cMKU, prvn\u00ed o\u010dkov\u00e1n\u00ed, ozna\u010den\u00ed  mikro\u010dipem a\u00a0<em>pet\u00a0passport<\/em> podle sm\u011brnic EU. Nav\u00edc dost\u00e1vaj\u00ed  \u0161t\u011b\u0148\u00e1tka samoz\u0159ejm\u011b v\u00fdbavu do za\u010d\u00e1tku. Pokud nov\u00fd majitel chce \u0161t\u011b\u0148\u00e1tko pro v\u00fdstavy a chov, r\u00e1di mu v\u00a0za\u010d\u00e1tc\u00edch  se\u00a0v\u0161\u00edm porad\u00edme. Netrv\u00e1me ov\u0161em na v\u00fdstavn\u00ed kari\u00e9\u0159e na\u0161ich \u0161t\u011b\u0148\u00e1tek,  budeme hlavn\u011b r\u00e1di, kdy\u017e povedou spokojen\u00fd \u017eivot. \ud83d\ude42  <\/p>\n\n\n\n<p class=\"has-text-align-center\"><strong>>>>  V sou\u010dasn\u00e9 dob\u011b nem\u00e1me \u017e\u00e1dn\u00e1 \u0161t\u011b\u0148\u00e1tka.  &lt;&lt;&lt;<\/strong><\/p>\n\n\n\n<p class=\"has-text-align-center\"> <strong>Zat\u00edm posledn\u00ed vrh jsme m\u011bli <a href=\"https:\/\/www.tibetan-terrier.cz\/index.php\/v-vrh-sengge-08-2020\/\">v srpnu 2020<\/a>. <\/strong><\/p>\n\n\n\n<figure class=\"wp-block-image size-large\"><img loading=\"lazy\" decoding=\"async\" width=\"1024\" height=\"633\" src=\"https:\/\/www.tibetan-terrier.cz\/wp-content\/uploads\/2020\/09\/IMG_8397-1024x633.jpg\" alt=\"\" class=\"wp-image-1698\" srcset=\"https:\/\/www.tibetan-terrier.cz\/wp-content\/uploads\/2020\/09\/IMG_8397-1024x633.jpg 1024w, https:\/\/www.tibetan-terrier.cz\/wp-content\/uploads\/2020\/09\/IMG_8397-300x185.jpg 300w, https:\/\/www.tibetan-terrier.cz\/wp-content\/uploads\/2020\/09\/IMG_8397-768x474.jpg 768w, https:\/\/www.tibetan-terrier.cz\/wp-content\/uploads\/2020\/09\/IMG_8397.jpg 1214w\" sizes=\"auto, (max-width: 1024px) 100vw, 1024px\" \/><figcaption>Verdi, Vabank, Vega, Vasanta, Vigo, Vader <\/figcaption><\/figure>\n\n\n\n<figure class=\"wp-block-image\"><img loading=\"lazy\" decoding=\"async\" width=\"1024\" height=\"533\" src=\"http:\/\/www.tibetan-terrier.cz\/wp-content\/uploads\/2019\/09\/IMG_6332-1024x533.jpg\" alt=\"Sengge &quot;U&quot; litter&quot;\" class=\"wp-image-1039\" srcset=\"https:\/\/www.tibetan-terrier.cz\/wp-content\/uploads\/2019\/09\/IMG_6332-1024x533.jpg 1024w, https:\/\/www.tibetan-terrier.cz\/wp-content\/uploads\/2019\/09\/IMG_6332-300x156.jpg 300w, https:\/\/www.tibetan-terrier.cz\/wp-content\/uploads\/2019\/09\/IMG_6332-768x400.jpg 768w, https:\/\/www.tibetan-terrier.cz\/wp-content\/uploads\/2019\/09\/IMG_6332.jpg 1344w\" sizes=\"auto, (max-width: 1024px) 100vw, 1024px\" \/><figcaption>Urgos, Uriah, Ursus, Ulani, Urza, Utashi, Uthari<\/figcaption><\/figure>\n\n\n\n<figure class=\"wp-block-image\"><img loading=\"lazy\" decoding=\"async\" width=\"1024\" height=\"698\" src=\"http:\/\/www.tibetan-terrier.cz\/wp-content\/uploads\/2019\/07\/IMG_4472-e1562779715932-1024x698.jpg\" alt=\"Sengge &quot;T&quot; litter\" class=\"wp-image-721\"\/><figcaption>Tenzing, Tashi, Tsering  <\/figcaption><\/figure>\n\n\n\n<figure class=\"wp-block-image\"><img decoding=\"async\" src=\"http:\/\/www.tibetan-terrier.cz\/wp-content\/uploads\/2019\/07\/Inzerat2018.jpg\" alt=\"Sengge &quot;S&quot; litter\"\/><figcaption>Samya, Sashi, Surya, Sunshine<\/figcaption><\/figure>\n\n\n\n<figure class=\"wp-block-image\"><img decoding=\"async\" src=\"http:\/\/www.tibetan-terrier.cz\/wp-content\/uploads\/2019\/07\/P3310206-e1562786442784-1024x607.jpg\" alt=\"Sengge &quot;R&quot; litter\"\/><figcaption>Ray, Ringo, Rinchen, Ron, Raani, Rika  <\/figcaption><\/figure>\n","protected":false},"excerpt":{"rendered":"<p>\u0160t\u011b\u0148\u00e1tka m\u00e1me jen ob\u010das. V\u00a0z\u00e1jmu zdrav\u00ed plemene se sna\u017e\u00edme jen s rozvahou pou\u017e\u00edvat p\u0159\u00edbuzenskou plemenitbu. V\u017edy vyb\u00edr\u00e1me kvalitn\u00ed p\u0159edky z\u00a0mezin\u00e1rodn\u011b uzn\u00e1van\u00fdch lini\u00ed tak, aby \u0161t\u011b\u0148\u00e1tka byla p\u0159\u00ednosem pro \u010desk\u00fd chov. Rodi\u010de \u0161t\u011b\u0148\u00e1tek maj\u00ed v\u017edy v\u0161echna pot\u0159ebn\u00e1 zdravotn\u00ed vy\u0161et\u0159en\u00ed, db\u00e1me na<\/p>\n","protected":false},"author":1,"featured_media":0,"parent":0,"menu_order":0,"comment_status":"closed","ping_status":"closed","template":"","meta":{"_mo_disable_npp":"","footnotes":""},"class_list":["post-139","page","type-page","status-publish","hentry"],"yoast_head":"<!-- This site is optimized with the Yoast SEO plugin v22.0 - https:\/\/yoast.com\/wordpress\/plugins\/seo\/ -->\n<title>\u0160t\u011b\u0148\u00e1tka - SENGGE Tibetan Terriers<\/title>\n<meta name=\"robots\" content=\"index, follow, max-snippet:-1, max-image-preview:large, max-video-preview:-1\" \/>\n<link rel=\"canonical\" href=\"https:\/\/www.tibetan-terrier.cz\/index.php\/stenatka\/\" \/>\n<meta property=\"og:locale\" content=\"cs_CZ\" \/>\n<meta property=\"og:type\" content=\"article\" \/>\n<meta property=\"og:title\" content=\"\u0160t\u011b\u0148\u00e1tka - SENGGE Tibetan Terriers\" \/>\n<meta property=\"og:description\" content=\"\u0160t\u011b\u0148\u00e1tka m\u00e1me jen ob\u010das. V\u00a0z\u00e1jmu zdrav\u00ed plemene se sna\u017e\u00edme jen s rozvahou pou\u017e\u00edvat p\u0159\u00edbuzenskou plemenitbu. V\u017edy vyb\u00edr\u00e1me kvalitn\u00ed p\u0159edky z\u00a0mezin\u00e1rodn\u011b uzn\u00e1van\u00fdch lini\u00ed tak, aby \u0161t\u011b\u0148\u00e1tka byla p\u0159\u00ednosem pro \u010desk\u00fd chov. Rodi\u010de \u0161t\u011b\u0148\u00e1tek maj\u00ed v\u017edy v\u0161echna pot\u0159ebn\u00e1 zdravotn\u00ed vy\u0161et\u0159en\u00ed, db\u00e1me na\" \/>\n<meta property=\"og:url\" content=\"https:\/\/www.tibetan-terrier.cz\/index.php\/stenatka\/\" \/>\n<meta property=\"og:site_name\" content=\"SENGGE Tibetan Terriers\" \/>\n<meta property=\"article:modified_time\" content=\"2022-10-28T19:26:33+00:00\" \/>\n<meta property=\"og:image\" content=\"https:\/\/www.tibetan-terrier.cz\/wp-content\/uploads\/2020\/09\/IMG_8397-1024x633.jpg\" \/>\n<meta name=\"twitter:card\" content=\"summary_large_image\" \/>\n<meta name=\"twitter:label1\" content=\"Odhadovan\u00e1 doba \u010dten\u00ed\" \/>\n\t<meta name=\"twitter:data1\" content=\"2 minuty\" \/>\n<script type=\"application\/ld+json\" class=\"yoast-schema-graph\">{\"@context\":\"https:\/\/schema.org\",\"@graph\":[{\"@type\":\"WebPage\",\"@id\":\"https:\/\/www.tibetan-terrier.cz\/index.php\/stenatka\/\",\"url\":\"https:\/\/www.tibetan-terrier.cz\/index.php\/stenatka\/\",\"name\":\"\u0160t\u011b\u0148\u00e1tka - SENGGE Tibetan Terriers\",\"isPartOf\":{\"@id\":\"https:\/\/www.tibetan-terrier.cz\/#website\"},\"datePublished\":\"2019-07-03T13:11:55+00:00\",\"dateModified\":\"2022-10-28T19:26:33+00:00\",\"breadcrumb\":{\"@id\":\"https:\/\/www.tibetan-terrier.cz\/index.php\/stenatka\/#breadcrumb\"},\"inLanguage\":\"cs\",\"potentialAction\":[{\"@type\":\"ReadAction\",\"target\":[\"https:\/\/www.tibetan-terrier.cz\/index.php\/stenatka\/\"]}]},{\"@type\":\"BreadcrumbList\",\"@id\":\"https:\/\/www.tibetan-terrier.cz\/index.php\/stenatka\/#breadcrumb\",\"itemListElement\":[{\"@type\":\"ListItem\",\"position\":1,\"name\":\"Dom\u016f\",\"item\":\"https:\/\/www.tibetan-terrier.cz\/\"},{\"@type\":\"ListItem\",\"position\":2,\"name\":\"\u0160t\u011b\u0148\u00e1tka\"}]},{\"@type\":\"WebSite\",\"@id\":\"https:\/\/www.tibetan-terrier.cz\/#website\",\"url\":\"https:\/\/www.tibetan-terrier.cz\/\",\"name\":\"SENGGE Tibetan Terriers\",\"description\":\"\",\"publisher\":{\"@id\":\"https:\/\/www.tibetan-terrier.cz\/#\/schema\/person\/ed64c1f3c3e52fdaaeb9a3019fbfbbbd\"},\"potentialAction\":[{\"@type\":\"SearchAction\",\"target\":{\"@type\":\"EntryPoint\",\"urlTemplate\":\"https:\/\/www.tibetan-terrier.cz\/?s={search_term_string}\"},\"query-input\":\"required name=search_term_string\"}],\"inLanguage\":\"cs\"},{\"@type\":[\"Person\",\"Organization\"],\"@id\":\"https:\/\/www.tibetan-terrier.cz\/#\/schema\/person\/ed64c1f3c3e52fdaaeb9a3019fbfbbbd\",\"name\":\"Sengge\",\"image\":{\"@type\":\"ImageObject\",\"inLanguage\":\"cs\",\"@id\":\"https:\/\/www.tibetan-terrier.cz\/#\/schema\/person\/image\/\",\"url\":\"https:\/\/www.tibetan-terrier.cz\/wp-content\/uploads\/2019\/07\/SengLogo7..jpg\",\"contentUrl\":\"https:\/\/www.tibetan-terrier.cz\/wp-content\/uploads\/2019\/07\/SengLogo7..jpg\",\"width\":801,\"height\":125,\"caption\":\"Sengge\"},\"logo\":{\"@id\":\"https:\/\/www.tibetan-terrier.cz\/#\/schema\/person\/image\/\"},\"sameAs\":[\"http:\/\/www.tibetan-terrier.cz\"]}]}<\/script>\n<!-- \/ Yoast SEO plugin. -->","yoast_head_json":{"title":"\u0160t\u011b\u0148\u00e1tka - SENGGE Tibetan Terriers","robots":{"index":"index","follow":"follow","max-snippet":"max-snippet:-1","max-image-preview":"max-image-preview:large","max-video-preview":"max-video-preview:-1"},"canonical":"https:\/\/www.tibetan-terrier.cz\/index.php\/stenatka\/","og_locale":"cs_CZ","og_type":"article","og_title":"\u0160t\u011b\u0148\u00e1tka - SENGGE Tibetan Terriers","og_description":"\u0160t\u011b\u0148\u00e1tka m\u00e1me jen ob\u010das. V\u00a0z\u00e1jmu zdrav\u00ed plemene se sna\u017e\u00edme jen s rozvahou pou\u017e\u00edvat p\u0159\u00edbuzenskou plemenitbu. V\u017edy vyb\u00edr\u00e1me kvalitn\u00ed p\u0159edky z\u00a0mezin\u00e1rodn\u011b uzn\u00e1van\u00fdch lini\u00ed tak, aby \u0161t\u011b\u0148\u00e1tka byla p\u0159\u00ednosem pro \u010desk\u00fd chov. Rodi\u010de \u0161t\u011b\u0148\u00e1tek maj\u00ed v\u017edy v\u0161echna pot\u0159ebn\u00e1 zdravotn\u00ed vy\u0161et\u0159en\u00ed, db\u00e1me na","og_url":"https:\/\/www.tibetan-terrier.cz\/index.php\/stenatka\/","og_site_name":"SENGGE Tibetan Terriers","article_modified_time":"2022-10-28T19:26:33+00:00","og_image":[{"url":"https:\/\/www.tibetan-terrier.cz\/wp-content\/uploads\/2020\/09\/IMG_8397-1024x633.jpg"}],"twitter_card":"summary_large_image","twitter_misc":{"Odhadovan\u00e1 doba \u010dten\u00ed":"2 minuty"},"schema":{"@context":"https:\/\/schema.org","@graph":[{"@type":"WebPage","@id":"https:\/\/www.tibetan-terrier.cz\/index.php\/stenatka\/","url":"https:\/\/www.tibetan-terrier.cz\/index.php\/stenatka\/","name":"\u0160t\u011b\u0148\u00e1tka - SENGGE Tibetan Terriers","isPartOf":{"@id":"https:\/\/www.tibetan-terrier.cz\/#website"},"datePublished":"2019-07-03T13:11:55+00:00","dateModified":"2022-10-28T19:26:33+00:00","breadcrumb":{"@id":"https:\/\/www.tibetan-terrier.cz\/index.php\/stenatka\/#breadcrumb"},"inLanguage":"cs","potentialAction":[{"@type":"ReadAction","target":["https:\/\/www.tibetan-terrier.cz\/index.php\/stenatka\/"]}]},{"@type":"BreadcrumbList","@id":"https:\/\/www.tibetan-terrier.cz\/index.php\/stenatka\/#breadcrumb","itemListElement":[{"@type":"ListItem","position":1,"name":"Dom\u016f","item":"https:\/\/www.tibetan-terrier.cz\/"},{"@type":"ListItem","position":2,"name":"\u0160t\u011b\u0148\u00e1tka"}]},{"@type":"WebSite","@id":"https:\/\/www.tibetan-terrier.cz\/#website","url":"https:\/\/www.tibetan-terrier.cz\/","name":"SENGGE Tibetan Terriers","description":"","publisher":{"@id":"https:\/\/www.tibetan-terrier.cz\/#\/schema\/person\/ed64c1f3c3e52fdaaeb9a3019fbfbbbd"},"potentialAction":[{"@type":"SearchAction","target":{"@type":"EntryPoint","urlTemplate":"https:\/\/www.tibetan-terrier.cz\/?s={search_term_string}"},"query-input":"required name=search_term_string"}],"inLanguage":"cs"},{"@type":["Person","Organization"],"@id":"https:\/\/www.tibetan-terrier.cz\/#\/schema\/person\/ed64c1f3c3e52fdaaeb9a3019fbfbbbd","name":"Sengge","image":{"@type":"ImageObject","inLanguage":"cs","@id":"https:\/\/www.tibetan-terrier.cz\/#\/schema\/person\/image\/","url":"https:\/\/www.tibetan-terrier.cz\/wp-content\/uploads\/2019\/07\/SengLogo7..jpg","contentUrl":"https:\/\/www.tibetan-terrier.cz\/wp-content\/uploads\/2019\/07\/SengLogo7..jpg","width":801,"height":125,"caption":"Sengge"},"logo":{"@id":"https:\/\/www.tibetan-terrier.cz\/#\/schema\/person\/image\/"},"sameAs":["http:\/\/www.tibetan-terrier.cz"]}]}},"_links":{"self":[{"href":"https:\/\/www.tibetan-terrier.cz\/index.php\/wp-json\/wp\/v2\/pages\/139","targetHints":{"allow":["GET"]}}],"collection":[{"href":"https:\/\/www.tibetan-terrier.cz\/index.php\/wp-json\/wp\/v2\/pages"}],"about":[{"href":"https:\/\/www.tibetan-terrier.cz\/index.php\/wp-json\/wp\/v2\/types\/page"}],"author":[{"embeddable":true,"href":"https:\/\/www.tibetan-terrier.cz\/index.php\/wp-json\/wp\/v2\/users\/1"}],"replies":[{"embeddable":true,"href":"https:\/\/www.tibetan-terrier.cz\/index.php\/wp-json\/wp\/v2\/comments?post=139"}],"version-history":[{"count":52,"href":"https:\/\/www.tibetan-terrier.cz\/index.php\/wp-json\/wp\/v2\/pages\/139\/revisions"}],"predecessor-version":[{"id":1870,"href":"https:\/\/www.tibetan-terrier.cz\/index.php\/wp-json\/wp\/v2\/pages\/139\/revisions\/1870"}],"wp:attachment":[{"href":"https:\/\/www.tibetan-terrier.cz\/index.php\/wp-json\/wp\/v2\/media?parent=139"}],"curies":[{"name":"wp","href":"https:\/\/api.w.org\/{rel}","templated":true}]}}