{"id":155,"date":"2019-07-03T14:17:16","date_gmt":"2019-07-03T14:17:16","guid":{"rendered":"http:\/\/www.tibetan-terrier.cz\/?page_id=155"},"modified":"2020-04-30T06:05:09","modified_gmt":"2020-04-30T06:05:09","slug":"tibetsky-terier","status":"publish","type":"page","link":"https:\/\/www.tibetan-terrier.cz\/index.php\/tibetsky-terier\/","title":{"rendered":"Tibetsk\u00fd teri\u00e9r"},"content":{"rendered":"\n<h4 class=\"wp-block-heading\"><strong>P\u016fvod a historie<\/strong><\/h4>\n\n\n\n<p>Poch\u00e1z\u00ed z&nbsp;hor a vysokohorsk\u00fdch plo\u0161in &#8222;St\u0159echy sv\u011bta&#8220; Tibetu &#8211; zem\u011b, kter\u00e1 je polo\u017eena pr\u016fm\u011brn\u011b mezi 3500 a 5000 metry nad mo\u0159em. Tibet m\u00e1 extr\u00e9mn\u00ed klima, st\u0159\u00edd\u00e1 se zde ledov\u00e1, dlouh\u00e1 zima a kr\u00e1tk\u00e9, hork\u00e9 l\u00e9to. Lid\u00e9 i zv\u00ed\u0159ata jsou p\u0159izp\u016fsobeni t\u011bmto tvrd\u00fdm \u017eivotn\u00edm podm\u00ednk\u00e1m a v\u0161ichni tibet\u0161t\u00ed psi jsou proto robustn\u00ed a odoln\u00ed.<\/p>\n\n\n\n<p>Tibetsk\u00fd teri\u00e9r je velmi star\u00e9 plemeno. Odhaduje se, \u017ee byl v\u00a0tibetsk\u00fdch kl\u00e1\u0161terech chov\u00e1n ji\u017e p\u0159ed asi dv\u011bma tis\u00edci lety. Byl pou\u017e\u00edv\u00e1n jako vytrval\u00fd ov\u010d\u00e1ck\u00fd pes i jako v\u011brn\u00fd pr\u016fvodce karavan. V\u00a0Tibetu, kde bylo l\u00e1maistick\u00e9 n\u00e1bo\u017eenstv\u00ed st\u0159edem ve\u0161ker\u00e9ho \u017eivota, byl chov\u00e1n i jako posv\u00e1tn\u00e9 zv\u00ed\u0159e, nebo\u0165 pro Tibe\u0165any symbolizoval b\u00e1jn\u00e9ho sn\u011b\u017en\u00e9ho lva Sengge, kter\u00fd je ve znaku Tibetu. Kolem jeho p\u016fvodu i historie existuj\u00ed kr\u00e1sn\u00e9 lidov\u00e9 pov\u011bsti.<\/p>\n\n\n\n<p>Jako posv\u00e1tn\u00fd pes nesm\u011bl pr\u00fd b\u00fdt darov\u00e1n nebo prod\u00e1n \u017e\u00e1dn\u00e9mu cizinci a ka\u017ed\u00fd Tibe\u0165an, kter\u00fd takov\u00e9 zv\u00ed\u0159e vlastnil, ho pova\u017eoval za sv\u016fj p\u0159edn\u00ed majetek. Proto teprve roku 1923, v\u00a0dob\u011b, kdy i do uzav\u0159en\u00fdch a cizinc\u016fm oded\u00e1vna zak\u00e1zan\u00fdch oblast\u00ed Tibetu za\u010dali ob\u010das pronikat evrop\u0161t\u00ed n\u00e1v\u0161t\u011bvn\u00edci, se poda\u0159ilo anglick\u00e9 l\u00e9ka\u0159ce dr. Agnes Greig z\u00edskat jako d\u011bkovn\u00fd dar zlato-b\u00edlou fenku &#8222;tibe\u0165ana&#8220; od tibetsk\u00e9ho obchodn\u00edka, jeho\u017e nemocn\u00e9 \u017een\u011b zachr\u00e1nila \u017eivot. Tato fenka Bunti se stala spolu s\u00a0dal\u0161\u00edmi psy z tibetsk\u00fdch kl\u00e1\u0161ter\u016f z\u00e1kladem evropsk\u00e9ho chovu. Potomci chovatelsk\u00e9 stanice &#8218;Lamleh&#8217;, existuj\u00edc\u00ed a\u017e do smrti dr. Greig v\u00a0roce 1972, jsou dodnes pova\u017eov\u00e1ni za nejp\u016fvodn\u011bj\u0161\u00ed linii. <\/p>\n\n\n\n<h4 class=\"wp-block-heading\"><strong>Tibet\u0161t\u00ed teri\u00e9\u0159i v \u010cech\u00e1ch<\/strong><\/h4>\n\n\n\n<p>Chov tibetsk\u00fdch teri\u00e9r\u016f se rozrostl zejm\u00e9na od 60. let v Evrop\u011b i z\u00e1mo\u0159\u00ed a tibetsk\u00fd teri\u00e9r se stal atraktivn\u00edm, velmi obl\u00edben\u00fdm psem. Do \u010cech byli prvn\u00ed tibe\u0165an\u00e9 dovezeni r. 1972 man\u017eely Karelov\u00fdmi z Gol\u010dova Jen\u00edkova a jejich chov &#8222;Al-Erak&#8220; se mezi lety 1974\u20131981 stal z\u00e1kladem chovu tibetsk\u00fdch teri\u00e9r\u016f u&nbsp;n\u00e1s. P\u0159esto, \u017ee se od t\u00e9 doby jejich chov roz\u0161\u00ed\u0159il, z\u016fst\u00e1v\u00e1 u&nbsp;n\u00e1s tibetsk\u00fd teri\u00e9r st\u00e1le dosti vz\u00e1cn\u00fdm plemenem. \u010ce\u0161t\u00ed tibe\u0165\u00e1ci maj\u00ed nicm\u00e9n\u011b vysokou \u00farove\u0148 a jsou velmi \u00fasp\u011b\u0161n\u00ed i ve sv\u011bt\u011b. <\/p>\n\n\n\n<h4 class=\"wp-block-heading\"><strong>Charakteristika a povaha<\/strong><\/h4>\n\n\n\n<p>Pokud se t\u00fdk\u00e1 n\u00e1zvu, je tibe\u0165an &#8222;teri\u00e9rem&#8220; jen podle jm\u00e9na a s&nbsp;prav\u00fdmi teri\u00e9ry nem\u00e1 nic spole\u010dn\u00e9ho. Ve sv\u00e9 p\u016fvodn\u00ed vlasti jsou dlouhosrst\u00ed psi v\u0161eobecn\u011b ozna\u010dov\u00e1ni jako &#8222;apso&#8220; a teri\u00e9rem byl tento pes pojmenov\u00e1n a\u017e Angli\u010dany, kter\u00fdm sv\u00fdm st\u0159edn\u00edm vzr\u016fstem a temperamentem p\u0159ipom\u00ednal jejich n\u00e1rodn\u00ed plemena. Ve skute\u010dnosti pat\u0159\u00ed tibe\u0165an p\u016fvodem mezi ov\u010d\u00e1ck\u00e9 psy a nem\u00e1 m\u00edt typick\u00fd teri\u00e9rsk\u00fd povahov\u00fd rys \u2013 vrozenou ostrost.<\/p>\n\n\n\n<p>Tibetsk\u00fd teri\u00e9r je men\u0161\u00ed, asi 35 a\u017e 42 centimetr\u016f vysok\u00fd spole\u010densk\u00fd pes, \u017eiv\u00fd a \u010dil\u00fd. Je to vesel\u00fd a mil\u00fd pes do rodiny. Je bd\u011bl\u00fd hl\u00edda\u010d a ka\u017edou n\u00e1v\u0161t\u011bvu dob\u0159e ohl\u00e1s\u00ed, v\u016f\u010di ciz\u00edm b\u00fdv\u00e1 ned\u016fv\u011b\u0159iv\u00fd a zdr\u017eenliv\u00fd, nen\u00ed ale na lidi agresivn\u00ed. Je robustn\u00ed a otu\u017eil\u00fd, je v\u0161ak velmi spole\u010densk\u00fd a proto nen\u00ed spr\u00e1vn\u00e9 dr\u017eet ho trvale venku na dvo\u0159e nebo dokonce v kotci, proto\u017ee bez st\u00e1l\u00e9ho kontaktu se svou rodinou str\u00e1d\u00e1 a tr\u00e1p\u00ed se.<\/p>\n\n\n\n<h4 class=\"wp-block-heading\"><strong>Atraktivn\u00ed dlouh\u00e1 srst<\/strong><\/h4>\n\n\n\n<p>Se sv\u00fdm bohat\u00fdm osrst\u011bn\u00edm se k\u0161tic\u00ed vesele spadaj\u00edc\u00ed p\u0159es o\u010di a se siln\u00fdmi chlupat\u00fdmi packami je tibe\u0165an velmi atraktivn\u00ed. Srst je t\u0159eba pravideln\u011b pro\u010des\u00e1vat, aby nezplstnat\u011bla (v dosp\u011blosti pr\u016fm\u011brn\u011b jednou t\u00fddn\u011b, mlad\u00e9 zv\u00ed\u0159e \u010dast\u011bji).<\/p>\n\n\n\n<p>Jeho srst je na rozd\u00edl od jin\u00fdch plemen ps\u016f such\u00e1, bez kryc\u00edho tuku, a tibe\u0165an tedy typick\u00fdm &#8222;ps\u00edm&#8220; zp\u016fsobem nezap\u00e1ch\u00e1, co\u017e je v\u00fdhodn\u00e9 zejm\u00e9na v byt\u011b. Atraktivn\u00ed je i to, \u017ee vlastn\u011b ka\u017ed\u00fd tibe\u0165an je jin\u00fd \u2013 m\u016f\u017ee m\u00edt nejr\u016fzn\u011bj\u0161\u00ed barvy (povolena je ka\u017ed\u00e1 barva krom\u011b \u010dokol\u00e1dov\u011b hn\u011bd\u00e9), m\u016f\u017ee b\u00fdt i dvoubarevn\u00fd nebo t\u0159\u00edbarevn\u00fd. <\/p>\n\n\n\n<p>Ten, kdo hled\u00e1 atraktivn\u00edho a p\u011bkn\u00e9ho rodinn\u00e9ho psa, vesel\u00e9ho kamar\u00e1da d\u011bt\u00ed, robustn\u00edho a odoln\u00e9ho, ale z\u00e1rove\u0148 nep\u0159\u00edli\u0161 velk\u00e9ho, najde v&nbsp;tibetsk\u00e9m teri\u00e9rovi rozhodn\u011b to prav\u00e9!<\/p>\n\n\n\n<figure class=\"wp-block-image\"><img loading=\"lazy\" decoding=\"async\" width=\"770\" height=\"603\" src=\"http:\/\/www.tibetan-terrier.cz\/wp-content\/uploads\/2019\/07\/SengLogo5b.jpg\" alt=\"Jenny, Chany, Sani at Sengge kennel\" class=\"wp-image-885\" srcset=\"https:\/\/www.tibetan-terrier.cz\/wp-content\/uploads\/2019\/07\/SengLogo5b.jpg 770w, https:\/\/www.tibetan-terrier.cz\/wp-content\/uploads\/2019\/07\/SengLogo5b-300x235.jpg 300w, https:\/\/www.tibetan-terrier.cz\/wp-content\/uploads\/2019\/07\/SengLogo5b-768x601.jpg 768w\" sizes=\"auto, (max-width: 770px) 100vw, 770px\" \/><\/figure>\n","protected":false},"excerpt":{"rendered":"<p>P\u016fvod a historie Poch\u00e1z\u00ed z&nbsp;hor a vysokohorsk\u00fdch plo\u0161in &#8222;St\u0159echy sv\u011bta&#8220; Tibetu &#8211; zem\u011b, kter\u00e1 je polo\u017eena pr\u016fm\u011brn\u011b mezi 3500 a 5000 metry nad mo\u0159em. Tibet m\u00e1 extr\u00e9mn\u00ed klima, st\u0159\u00edd\u00e1 se zde ledov\u00e1, dlouh\u00e1 zima a kr\u00e1tk\u00e9, hork\u00e9 l\u00e9to. Lid\u00e9 i<\/p>\n","protected":false},"author":1,"featured_media":0,"parent":0,"menu_order":0,"comment_status":"closed","ping_status":"closed","template":"","meta":{"_mo_disable_npp":"","footnotes":""},"class_list":["post-155","page","type-page","status-publish","hentry"],"yoast_head":"<!-- This site is optimized with the Yoast SEO plugin v22.0 - https:\/\/yoast.com\/wordpress\/plugins\/seo\/ -->\n<title>Tibetsk\u00fd teri\u00e9r - SENGGE Tibetan Terriers<\/title>\n<meta name=\"robots\" content=\"index, follow, max-snippet:-1, max-image-preview:large, max-video-preview:-1\" \/>\n<link rel=\"canonical\" href=\"https:\/\/www.tibetan-terrier.cz\/index.php\/tibetsky-terier\/\" \/>\n<meta property=\"og:locale\" content=\"cs_CZ\" \/>\n<meta property=\"og:type\" content=\"article\" \/>\n<meta property=\"og:title\" content=\"Tibetsk\u00fd teri\u00e9r - SENGGE Tibetan Terriers\" \/>\n<meta property=\"og:description\" content=\"P\u016fvod a historie Poch\u00e1z\u00ed z&nbsp;hor a vysokohorsk\u00fdch plo\u0161in &#8222;St\u0159echy sv\u011bta&#8220; Tibetu &#8211; zem\u011b, kter\u00e1 je polo\u017eena pr\u016fm\u011brn\u011b mezi 3500 a 5000 metry nad mo\u0159em. Tibet m\u00e1 extr\u00e9mn\u00ed klima, st\u0159\u00edd\u00e1 se zde ledov\u00e1, dlouh\u00e1 zima a kr\u00e1tk\u00e9, hork\u00e9 l\u00e9to. Lid\u00e9 i\" \/>\n<meta property=\"og:url\" content=\"https:\/\/www.tibetan-terrier.cz\/index.php\/tibetsky-terier\/\" \/>\n<meta property=\"og:site_name\" content=\"SENGGE Tibetan Terriers\" \/>\n<meta property=\"article:modified_time\" content=\"2020-04-30T06:05:09+00:00\" \/>\n<meta property=\"og:image\" content=\"http:\/\/www.tibetan-terrier.cz\/wp-content\/uploads\/2019\/07\/SengLogo5b.jpg\" \/>\n<meta name=\"twitter:card\" content=\"summary_large_image\" \/>\n<meta name=\"twitter:label1\" content=\"Odhadovan\u00e1 doba \u010dten\u00ed\" \/>\n\t<meta name=\"twitter:data1\" content=\"4 minuty\" \/>\n<script type=\"application\/ld+json\" class=\"yoast-schema-graph\">{\"@context\":\"https:\/\/schema.org\",\"@graph\":[{\"@type\":\"WebPage\",\"@id\":\"https:\/\/www.tibetan-terrier.cz\/index.php\/tibetsky-terier\/\",\"url\":\"https:\/\/www.tibetan-terrier.cz\/index.php\/tibetsky-terier\/\",\"name\":\"Tibetsk\u00fd teri\u00e9r - SENGGE Tibetan Terriers\",\"isPartOf\":{\"@id\":\"https:\/\/www.tibetan-terrier.cz\/#website\"},\"datePublished\":\"2019-07-03T14:17:16+00:00\",\"dateModified\":\"2020-04-30T06:05:09+00:00\",\"breadcrumb\":{\"@id\":\"https:\/\/www.tibetan-terrier.cz\/index.php\/tibetsky-terier\/#breadcrumb\"},\"inLanguage\":\"cs\",\"potentialAction\":[{\"@type\":\"ReadAction\",\"target\":[\"https:\/\/www.tibetan-terrier.cz\/index.php\/tibetsky-terier\/\"]}]},{\"@type\":\"BreadcrumbList\",\"@id\":\"https:\/\/www.tibetan-terrier.cz\/index.php\/tibetsky-terier\/#breadcrumb\",\"itemListElement\":[{\"@type\":\"ListItem\",\"position\":1,\"name\":\"Dom\u016f\",\"item\":\"https:\/\/www.tibetan-terrier.cz\/\"},{\"@type\":\"ListItem\",\"position\":2,\"name\":\"Tibetsk\u00fd teri\u00e9r\"}]},{\"@type\":\"WebSite\",\"@id\":\"https:\/\/www.tibetan-terrier.cz\/#website\",\"url\":\"https:\/\/www.tibetan-terrier.cz\/\",\"name\":\"SENGGE Tibetan Terriers\",\"description\":\"\",\"publisher\":{\"@id\":\"https:\/\/www.tibetan-terrier.cz\/#\/schema\/person\/ed64c1f3c3e52fdaaeb9a3019fbfbbbd\"},\"potentialAction\":[{\"@type\":\"SearchAction\",\"target\":{\"@type\":\"EntryPoint\",\"urlTemplate\":\"https:\/\/www.tibetan-terrier.cz\/?s={search_term_string}\"},\"query-input\":\"required name=search_term_string\"}],\"inLanguage\":\"cs\"},{\"@type\":[\"Person\",\"Organization\"],\"@id\":\"https:\/\/www.tibetan-terrier.cz\/#\/schema\/person\/ed64c1f3c3e52fdaaeb9a3019fbfbbbd\",\"name\":\"Sengge\",\"image\":{\"@type\":\"ImageObject\",\"inLanguage\":\"cs\",\"@id\":\"https:\/\/www.tibetan-terrier.cz\/#\/schema\/person\/image\/\",\"url\":\"https:\/\/www.tibetan-terrier.cz\/wp-content\/uploads\/2019\/07\/SengLogo7..jpg\",\"contentUrl\":\"https:\/\/www.tibetan-terrier.cz\/wp-content\/uploads\/2019\/07\/SengLogo7..jpg\",\"width\":801,\"height\":125,\"caption\":\"Sengge\"},\"logo\":{\"@id\":\"https:\/\/www.tibetan-terrier.cz\/#\/schema\/person\/image\/\"},\"sameAs\":[\"http:\/\/www.tibetan-terrier.cz\"]}]}<\/script>\n<!-- \/ Yoast SEO plugin. -->","yoast_head_json":{"title":"Tibetsk\u00fd teri\u00e9r - SENGGE Tibetan Terriers","robots":{"index":"index","follow":"follow","max-snippet":"max-snippet:-1","max-image-preview":"max-image-preview:large","max-video-preview":"max-video-preview:-1"},"canonical":"https:\/\/www.tibetan-terrier.cz\/index.php\/tibetsky-terier\/","og_locale":"cs_CZ","og_type":"article","og_title":"Tibetsk\u00fd teri\u00e9r - SENGGE Tibetan Terriers","og_description":"P\u016fvod a historie Poch\u00e1z\u00ed z&nbsp;hor a vysokohorsk\u00fdch plo\u0161in &#8222;St\u0159echy sv\u011bta&#8220; Tibetu &#8211; zem\u011b, kter\u00e1 je polo\u017eena pr\u016fm\u011brn\u011b mezi 3500 a 5000 metry nad mo\u0159em. Tibet m\u00e1 extr\u00e9mn\u00ed klima, st\u0159\u00edd\u00e1 se zde ledov\u00e1, dlouh\u00e1 zima a kr\u00e1tk\u00e9, hork\u00e9 l\u00e9to. Lid\u00e9 i","og_url":"https:\/\/www.tibetan-terrier.cz\/index.php\/tibetsky-terier\/","og_site_name":"SENGGE Tibetan Terriers","article_modified_time":"2020-04-30T06:05:09+00:00","og_image":[{"url":"http:\/\/www.tibetan-terrier.cz\/wp-content\/uploads\/2019\/07\/SengLogo5b.jpg"}],"twitter_card":"summary_large_image","twitter_misc":{"Odhadovan\u00e1 doba \u010dten\u00ed":"4 minuty"},"schema":{"@context":"https:\/\/schema.org","@graph":[{"@type":"WebPage","@id":"https:\/\/www.tibetan-terrier.cz\/index.php\/tibetsky-terier\/","url":"https:\/\/www.tibetan-terrier.cz\/index.php\/tibetsky-terier\/","name":"Tibetsk\u00fd teri\u00e9r - SENGGE Tibetan Terriers","isPartOf":{"@id":"https:\/\/www.tibetan-terrier.cz\/#website"},"datePublished":"2019-07-03T14:17:16+00:00","dateModified":"2020-04-30T06:05:09+00:00","breadcrumb":{"@id":"https:\/\/www.tibetan-terrier.cz\/index.php\/tibetsky-terier\/#breadcrumb"},"inLanguage":"cs","potentialAction":[{"@type":"ReadAction","target":["https:\/\/www.tibetan-terrier.cz\/index.php\/tibetsky-terier\/"]}]},{"@type":"BreadcrumbList","@id":"https:\/\/www.tibetan-terrier.cz\/index.php\/tibetsky-terier\/#breadcrumb","itemListElement":[{"@type":"ListItem","position":1,"name":"Dom\u016f","item":"https:\/\/www.tibetan-terrier.cz\/"},{"@type":"ListItem","position":2,"name":"Tibetsk\u00fd teri\u00e9r"}]},{"@type":"WebSite","@id":"https:\/\/www.tibetan-terrier.cz\/#website","url":"https:\/\/www.tibetan-terrier.cz\/","name":"SENGGE Tibetan Terriers","description":"","publisher":{"@id":"https:\/\/www.tibetan-terrier.cz\/#\/schema\/person\/ed64c1f3c3e52fdaaeb9a3019fbfbbbd"},"potentialAction":[{"@type":"SearchAction","target":{"@type":"EntryPoint","urlTemplate":"https:\/\/www.tibetan-terrier.cz\/?s={search_term_string}"},"query-input":"required name=search_term_string"}],"inLanguage":"cs"},{"@type":["Person","Organization"],"@id":"https:\/\/www.tibetan-terrier.cz\/#\/schema\/person\/ed64c1f3c3e52fdaaeb9a3019fbfbbbd","name":"Sengge","image":{"@type":"ImageObject","inLanguage":"cs","@id":"https:\/\/www.tibetan-terrier.cz\/#\/schema\/person\/image\/","url":"https:\/\/www.tibetan-terrier.cz\/wp-content\/uploads\/2019\/07\/SengLogo7..jpg","contentUrl":"https:\/\/www.tibetan-terrier.cz\/wp-content\/uploads\/2019\/07\/SengLogo7..jpg","width":801,"height":125,"caption":"Sengge"},"logo":{"@id":"https:\/\/www.tibetan-terrier.cz\/#\/schema\/person\/image\/"},"sameAs":["http:\/\/www.tibetan-terrier.cz"]}]}},"_links":{"self":[{"href":"https:\/\/www.tibetan-terrier.cz\/index.php\/wp-json\/wp\/v2\/pages\/155","targetHints":{"allow":["GET"]}}],"collection":[{"href":"https:\/\/www.tibetan-terrier.cz\/index.php\/wp-json\/wp\/v2\/pages"}],"about":[{"href":"https:\/\/www.tibetan-terrier.cz\/index.php\/wp-json\/wp\/v2\/types\/page"}],"author":[{"embeddable":true,"href":"https:\/\/www.tibetan-terrier.cz\/index.php\/wp-json\/wp\/v2\/users\/1"}],"replies":[{"embeddable":true,"href":"https:\/\/www.tibetan-terrier.cz\/index.php\/wp-json\/wp\/v2\/comments?post=155"}],"version-history":[{"count":7,"href":"https:\/\/www.tibetan-terrier.cz\/index.php\/wp-json\/wp\/v2\/pages\/155\/revisions"}],"predecessor-version":[{"id":1462,"href":"https:\/\/www.tibetan-terrier.cz\/index.php\/wp-json\/wp\/v2\/pages\/155\/revisions\/1462"}],"wp:attachment":[{"href":"https:\/\/www.tibetan-terrier.cz\/index.php\/wp-json\/wp\/v2\/media?parent=155"}],"curies":[{"name":"wp","href":"https:\/\/api.w.org\/{rel}","templated":true}]}}