{"id":2,"date":"2018-06-05T19:48:52","date_gmt":"2018-06-05T19:48:52","guid":{"rendered":"http:\/\/localhost\/wp\/wp481\/?page_id=2"},"modified":"2022-10-28T20:18:33","modified_gmt":"2022-10-28T20:18:33","slug":"sample-page","status":"publish","type":"page","link":"https:\/\/www.tibetan-terrier.cz\/","title":{"rendered":"O n\u00e1s"},"content":{"rendered":"\n<p>Jsme milovn\u00edci a chovatel\u00e9 tibetsk\u00fdch teri\u00e9r\u016f v&nbsp;Olomouci. Chovatelstv\u00ed je n\u00e1\u0161 dlouholet\u00fd kon\u00ed\u010dek. Prvn\u00ed tibetsk\u00fd teri\u00e9r k&nbsp;n\u00e1m p\u0159i\u0161el v roce 1986, prvn\u00ed \u0161t\u011b\u0148\u00e1tka jsme m\u011bli v&nbsp;roce 1990. Na\u0161e psy m\u00e1me pro radost a ne pro zisk a sl\u00e1vu, tak\u017ee to nep\u0159eh\u00e1n\u00edme s&nbsp;v\u00fdstavami ani s&nbsp;po\u010dtem vrh\u016f. Na\u0161i psi jsou v\u0161ak na v\u00fdstav\u00e1ch velmi \u00fasp\u011b\u0161n\u00ed. Na\u0161\u00edm kr\u00e9dem v chovu je zdrav\u00ed, mil\u00e1 a p\u0159\u00e1telsk\u00e1 povaha, dobr\u00e1 vitalita, p\u0159irozen\u00e9 instinkty a temperament na\u0161ich tibetsk\u00fdch teri\u00e9r\u016f.<\/p>\n\n\n\n<p>Za v\u00edce ne\u017e t\u0159icet let chovatelsk\u00e9 \u010dinnosti jsme odchovali \u0159adu vrh\u016f. \u0160t\u011b\u0148\u00e1tka na\u0161la nov\u00fd domov nejen u\u00a0n\u00e1s a na Slovensku, ale i v Belgii, Finsku, Holandsku, Chorvatsku, N\u011bmecku, Norsku, Polsku, ve Slovinsku, \u0160v\u00fdcarsku a USA.<\/p>\n\n\n\n<p>Na na\u0161ich str\u00e1nk\u00e1ch najdete informace o&nbsp;plemeni tibetsk\u00fd teri\u00e9r, o&nbsp;na\u0161em chovu a na\u0161ich psech. Najdete zde materi\u00e1ly k&nbsp;historii TTs v&nbsp;\u010cR a informace o plemeni. V\u0161e je dopln\u011bno mnoha fotografiemi. <\/p>\n\n\n\n<figure class=\"wp-block-image\"><img loading=\"lazy\" decoding=\"async\" width=\"1024\" height=\"723\" src=\"http:\/\/www.tibetan-terrier.cz\/wp-content\/uploads\/2019\/07\/zahlavi2-e1562307462940-1024x723.jpg\" alt=\"Simona s tibetsk\u00fdmi teri\u00e9ry\" class=\"wp-image-333\" srcset=\"https:\/\/www.tibetan-terrier.cz\/wp-content\/uploads\/2019\/07\/zahlavi2-e1562307462940-1024x723.jpg 1024w, https:\/\/www.tibetan-terrier.cz\/wp-content\/uploads\/2019\/07\/zahlavi2-e1562307462940-300x212.jpg 300w, https:\/\/www.tibetan-terrier.cz\/wp-content\/uploads\/2019\/07\/zahlavi2-e1562307462940-768x542.jpg 768w, https:\/\/www.tibetan-terrier.cz\/wp-content\/uploads\/2019\/07\/zahlavi2-e1562307462940-850x600.jpg 850w, https:\/\/www.tibetan-terrier.cz\/wp-content\/uploads\/2019\/07\/zahlavi2-e1562307462940.jpg 1190w\" sizes=\"auto, (max-width: 1024px) 100vw, 1024px\" \/><\/figure>\n\n\n\n<figure class=\"wp-block-image size-large\"><img loading=\"lazy\" decoding=\"async\" width=\"900\" height=\"705\" src=\"https:\/\/www.tibetan-terrier.cz\/wp-content\/uploads\/2020\/04\/Tomas1s.jpg\" alt=\"Tom\u00e1\u0161 s na\u0161\u00ed sme\u010dkou\" class=\"wp-image-1466\" srcset=\"https:\/\/www.tibetan-terrier.cz\/wp-content\/uploads\/2020\/04\/Tomas1s.jpg 900w, https:\/\/www.tibetan-terrier.cz\/wp-content\/uploads\/2020\/04\/Tomas1s-300x235.jpg 300w, https:\/\/www.tibetan-terrier.cz\/wp-content\/uploads\/2020\/04\/Tomas1s-768x602.jpg 768w\" sizes=\"auto, (max-width: 900px) 100vw, 900px\" \/><\/figure>\n\n\n\n<p class=\"has-text-align-center\"><strong>Jsme \u010dleny klubu:<\/strong><br><a href=\"http:\/\/www.ttc-cz.com\"><img loading=\"lazy\" decoding=\"async\" width=\"125\" height=\"118\" class=\"wp-image-405\" style=\"width: 125px;\" src=\"http:\/\/www.tibetan-terrier.cz\/wp-content\/uploads\/2019\/07\/TTC-logo.jpg\" alt=\"\"><\/a>      <\/p>\n","protected":false},"excerpt":{"rendered":"<p>Jsme milovn\u00edci a chovatel\u00e9 tibetsk\u00fdch teri\u00e9r\u016f v&nbsp;Olomouci. Chovatelstv\u00ed je n\u00e1\u0161 dlouholet\u00fd kon\u00ed\u010dek. Prvn\u00ed tibetsk\u00fd teri\u00e9r k&nbsp;n\u00e1m p\u0159i\u0161el v roce 1986, prvn\u00ed \u0161t\u011b\u0148\u00e1tka jsme m\u011bli v&nbsp;roce 1990. Na\u0161e psy m\u00e1me pro radost a ne pro zisk a sl\u00e1vu, tak\u017ee to nep\u0159eh\u00e1n\u00edme<\/p>\n","protected":false},"author":1,"featured_media":0,"parent":0,"menu_order":0,"comment_status":"closed","ping_status":"open","template":"","meta":{"_mo_disable_npp":"","footnotes":""},"class_list":["post-2","page","type-page","status-publish","hentry"],"yoast_head":"<!-- This site is optimized with the Yoast SEO plugin v22.0 - https:\/\/yoast.com\/wordpress\/plugins\/seo\/ -->\n<title>O n\u00e1s - SENGGE Tibetan Terriers<\/title>\n<meta name=\"robots\" content=\"index, follow, max-snippet:-1, max-image-preview:large, max-video-preview:-1\" \/>\n<link rel=\"canonical\" href=\"https:\/\/www.tibetan-terrier.cz\/\" \/>\n<meta property=\"og:locale\" content=\"cs_CZ\" \/>\n<meta property=\"og:type\" content=\"article\" \/>\n<meta property=\"og:title\" content=\"O n\u00e1s - SENGGE Tibetan Terriers\" \/>\n<meta property=\"og:description\" content=\"Jsme milovn\u00edci a chovatel\u00e9 tibetsk\u00fdch teri\u00e9r\u016f v&nbsp;Olomouci. Chovatelstv\u00ed je n\u00e1\u0161 dlouholet\u00fd kon\u00ed\u010dek. Prvn\u00ed tibetsk\u00fd teri\u00e9r k&nbsp;n\u00e1m p\u0159i\u0161el v roce 1986, prvn\u00ed \u0161t\u011b\u0148\u00e1tka jsme m\u011bli v&nbsp;roce 1990. Na\u0161e psy m\u00e1me pro radost a ne pro zisk a sl\u00e1vu, tak\u017ee to nep\u0159eh\u00e1n\u00edme\" \/>\n<meta property=\"og:url\" content=\"https:\/\/www.tibetan-terrier.cz\/\" \/>\n<meta property=\"og:site_name\" content=\"SENGGE Tibetan Terriers\" \/>\n<meta property=\"article:modified_time\" content=\"2022-10-28T20:18:33+00:00\" \/>\n<meta property=\"og:image\" content=\"http:\/\/www.tibetan-terrier.cz\/wp-content\/uploads\/2019\/07\/zahlavi2-e1562307462940-1024x723.jpg\" \/>\n<meta name=\"twitter:card\" content=\"summary_large_image\" \/>\n<meta name=\"twitter:label1\" content=\"Odhadovan\u00e1 doba \u010dten\u00ed\" \/>\n\t<meta name=\"twitter:data1\" content=\"2 minuty\" \/>\n<script type=\"application\/ld+json\" class=\"yoast-schema-graph\">{\"@context\":\"https:\/\/schema.org\",\"@graph\":[{\"@type\":\"WebPage\",\"@id\":\"https:\/\/www.tibetan-terrier.cz\/\",\"url\":\"https:\/\/www.tibetan-terrier.cz\/\",\"name\":\"O n\u00e1s - SENGGE Tibetan Terriers\",\"isPartOf\":{\"@id\":\"https:\/\/www.tibetan-terrier.cz\/#website\"},\"datePublished\":\"2018-06-05T19:48:52+00:00\",\"dateModified\":\"2022-10-28T20:18:33+00:00\",\"breadcrumb\":{\"@id\":\"https:\/\/www.tibetan-terrier.cz\/#breadcrumb\"},\"inLanguage\":\"cs\",\"potentialAction\":[{\"@type\":\"ReadAction\",\"target\":[\"https:\/\/www.tibetan-terrier.cz\/\"]}]},{\"@type\":\"BreadcrumbList\",\"@id\":\"https:\/\/www.tibetan-terrier.cz\/#breadcrumb\",\"itemListElement\":[{\"@type\":\"ListItem\",\"position\":1,\"name\":\"Dom\u016f\",\"item\":\"https:\/\/www.tibetan-terrier.cz\/\"},{\"@type\":\"ListItem\",\"position\":2,\"name\":\"O n\u00e1s\"}]},{\"@type\":\"WebSite\",\"@id\":\"https:\/\/www.tibetan-terrier.cz\/#website\",\"url\":\"https:\/\/www.tibetan-terrier.cz\/\",\"name\":\"SENGGE Tibetan Terriers\",\"description\":\"\",\"publisher\":{\"@id\":\"https:\/\/www.tibetan-terrier.cz\/#\/schema\/person\/ed64c1f3c3e52fdaaeb9a3019fbfbbbd\"},\"potentialAction\":[{\"@type\":\"SearchAction\",\"target\":{\"@type\":\"EntryPoint\",\"urlTemplate\":\"https:\/\/www.tibetan-terrier.cz\/?s={search_term_string}\"},\"query-input\":\"required name=search_term_string\"}],\"inLanguage\":\"cs\"},{\"@type\":[\"Person\",\"Organization\"],\"@id\":\"https:\/\/www.tibetan-terrier.cz\/#\/schema\/person\/ed64c1f3c3e52fdaaeb9a3019fbfbbbd\",\"name\":\"Sengge\",\"image\":{\"@type\":\"ImageObject\",\"inLanguage\":\"cs\",\"@id\":\"https:\/\/www.tibetan-terrier.cz\/#\/schema\/person\/image\/\",\"url\":\"https:\/\/www.tibetan-terrier.cz\/wp-content\/uploads\/2019\/07\/SengLogo7..jpg\",\"contentUrl\":\"https:\/\/www.tibetan-terrier.cz\/wp-content\/uploads\/2019\/07\/SengLogo7..jpg\",\"width\":801,\"height\":125,\"caption\":\"Sengge\"},\"logo\":{\"@id\":\"https:\/\/www.tibetan-terrier.cz\/#\/schema\/person\/image\/\"},\"sameAs\":[\"http:\/\/www.tibetan-terrier.cz\"]}]}<\/script>\n<!-- \/ Yoast SEO plugin. -->","yoast_head_json":{"title":"O n\u00e1s - SENGGE Tibetan Terriers","robots":{"index":"index","follow":"follow","max-snippet":"max-snippet:-1","max-image-preview":"max-image-preview:large","max-video-preview":"max-video-preview:-1"},"canonical":"https:\/\/www.tibetan-terrier.cz\/","og_locale":"cs_CZ","og_type":"article","og_title":"O n\u00e1s - SENGGE Tibetan Terriers","og_description":"Jsme milovn\u00edci a chovatel\u00e9 tibetsk\u00fdch teri\u00e9r\u016f v&nbsp;Olomouci. Chovatelstv\u00ed je n\u00e1\u0161 dlouholet\u00fd kon\u00ed\u010dek. Prvn\u00ed tibetsk\u00fd teri\u00e9r k&nbsp;n\u00e1m p\u0159i\u0161el v roce 1986, prvn\u00ed \u0161t\u011b\u0148\u00e1tka jsme m\u011bli v&nbsp;roce 1990. Na\u0161e psy m\u00e1me pro radost a ne pro zisk a sl\u00e1vu, tak\u017ee to nep\u0159eh\u00e1n\u00edme","og_url":"https:\/\/www.tibetan-terrier.cz\/","og_site_name":"SENGGE Tibetan Terriers","article_modified_time":"2022-10-28T20:18:33+00:00","og_image":[{"url":"http:\/\/www.tibetan-terrier.cz\/wp-content\/uploads\/2019\/07\/zahlavi2-e1562307462940-1024x723.jpg"}],"twitter_card":"summary_large_image","twitter_misc":{"Odhadovan\u00e1 doba \u010dten\u00ed":"2 minuty"},"schema":{"@context":"https:\/\/schema.org","@graph":[{"@type":"WebPage","@id":"https:\/\/www.tibetan-terrier.cz\/","url":"https:\/\/www.tibetan-terrier.cz\/","name":"O n\u00e1s - SENGGE Tibetan Terriers","isPartOf":{"@id":"https:\/\/www.tibetan-terrier.cz\/#website"},"datePublished":"2018-06-05T19:48:52+00:00","dateModified":"2022-10-28T20:18:33+00:00","breadcrumb":{"@id":"https:\/\/www.tibetan-terrier.cz\/#breadcrumb"},"inLanguage":"cs","potentialAction":[{"@type":"ReadAction","target":["https:\/\/www.tibetan-terrier.cz\/"]}]},{"@type":"BreadcrumbList","@id":"https:\/\/www.tibetan-terrier.cz\/#breadcrumb","itemListElement":[{"@type":"ListItem","position":1,"name":"Dom\u016f","item":"https:\/\/www.tibetan-terrier.cz\/"},{"@type":"ListItem","position":2,"name":"O n\u00e1s"}]},{"@type":"WebSite","@id":"https:\/\/www.tibetan-terrier.cz\/#website","url":"https:\/\/www.tibetan-terrier.cz\/","name":"SENGGE Tibetan Terriers","description":"","publisher":{"@id":"https:\/\/www.tibetan-terrier.cz\/#\/schema\/person\/ed64c1f3c3e52fdaaeb9a3019fbfbbbd"},"potentialAction":[{"@type":"SearchAction","target":{"@type":"EntryPoint","urlTemplate":"https:\/\/www.tibetan-terrier.cz\/?s={search_term_string}"},"query-input":"required name=search_term_string"}],"inLanguage":"cs"},{"@type":["Person","Organization"],"@id":"https:\/\/www.tibetan-terrier.cz\/#\/schema\/person\/ed64c1f3c3e52fdaaeb9a3019fbfbbbd","name":"Sengge","image":{"@type":"ImageObject","inLanguage":"cs","@id":"https:\/\/www.tibetan-terrier.cz\/#\/schema\/person\/image\/","url":"https:\/\/www.tibetan-terrier.cz\/wp-content\/uploads\/2019\/07\/SengLogo7..jpg","contentUrl":"https:\/\/www.tibetan-terrier.cz\/wp-content\/uploads\/2019\/07\/SengLogo7..jpg","width":801,"height":125,"caption":"Sengge"},"logo":{"@id":"https:\/\/www.tibetan-terrier.cz\/#\/schema\/person\/image\/"},"sameAs":["http:\/\/www.tibetan-terrier.cz"]}]}},"_links":{"self":[{"href":"https:\/\/www.tibetan-terrier.cz\/index.php\/wp-json\/wp\/v2\/pages\/2","targetHints":{"allow":["GET"]}}],"collection":[{"href":"https:\/\/www.tibetan-terrier.cz\/index.php\/wp-json\/wp\/v2\/pages"}],"about":[{"href":"https:\/\/www.tibetan-terrier.cz\/index.php\/wp-json\/wp\/v2\/types\/page"}],"author":[{"embeddable":true,"href":"https:\/\/www.tibetan-terrier.cz\/index.php\/wp-json\/wp\/v2\/users\/1"}],"replies":[{"embeddable":true,"href":"https:\/\/www.tibetan-terrier.cz\/index.php\/wp-json\/wp\/v2\/comments?post=2"}],"version-history":[{"count":38,"href":"https:\/\/www.tibetan-terrier.cz\/index.php\/wp-json\/wp\/v2\/pages\/2\/revisions"}],"predecessor-version":[{"id":1888,"href":"https:\/\/www.tibetan-terrier.cz\/index.php\/wp-json\/wp\/v2\/pages\/2\/revisions\/1888"}],"wp:attachment":[{"href":"https:\/\/www.tibetan-terrier.cz\/index.php\/wp-json\/wp\/v2\/media?parent=2"}],"curies":[{"name":"wp","href":"https:\/\/api.w.org\/{rel}","templated":true}]}}