{"id":224,"date":"2019-07-03T19:10:34","date_gmt":"2019-07-03T19:10:34","guid":{"rendered":"http:\/\/www.tibetan-terrier.cz\/?page_id=224"},"modified":"2022-02-03T18:06:52","modified_gmt":"2022-02-03T18:06:52","slug":"ch-rika-sengge","status":"publish","type":"page","link":"https:\/\/www.tibetan-terrier.cz\/index.php\/ch-rika-sengge\/","title":{"rendered":"Ch. Rika Sengge &#8218;Rika&#8216;"},"content":{"rendered":"\n<p class=\"has-text-align-center\"><strong>\u010cesk\u00e1 &amp; Slovensk\u00e1 \u0161ampionka, \u010cesk\u00e1 klubov\u00e1 \u0161ampionka,  \u010cesk\u00e1 Junior \u0161ampionka, <\/strong><br><strong>N\u00e1rodn\u00ed v\u00edt\u011bzka, V\u00edt\u011bzka Memori\u00e1lu Al-Erak + BOB,  2x CACIB etc.<\/strong><\/p>\n\n\n\n<div class=\"wp-block-image\"><figure class=\"aligncenter\"><img loading=\"lazy\" decoding=\"async\" width=\"600\" height=\"500\" src=\"http:\/\/www.tibetan-terrier.cz\/wp-content\/uploads\/2019\/07\/Rika-2017.jpg\" alt=\"Rika Sengge\" class=\"wp-image-174\" srcset=\"https:\/\/www.tibetan-terrier.cz\/wp-content\/uploads\/2019\/07\/Rika-2017.jpg 600w, https:\/\/www.tibetan-terrier.cz\/wp-content\/uploads\/2019\/07\/Rika-2017-300x250.jpg 300w\" sizes=\"auto, (max-width: 600px) 100vw, 600px\" \/><\/figure><\/div>\n\n\n\n<p class=\"has-text-align-center\"><strong>Female, *5. 2. 2015; <\/strong><br><strong>BAER OK; DNA PLL + PRA3 + RCD4 + PD clear, NCL carrier; HD A\/A, PL 0\/0, ED 0\/0<\/strong><\/p>\n\n\n<p>Po na\u0161em mil\u00e9m <a href=\"http:\/\/www.tibetan-terrier.cz\/index.php\/c-i-b-marco-polo-sengge\/\">Maxovi<\/a> a zlat\u00e9 <a href=\"http:\/\/www.tibetan-terrier.cz\/index.php\/c-i-b-sumanshu-going-to-gold\/\">Goldie<\/a> jsme si cht\u011bli nechat p\u011bknou fene\u010dku. V prvn\u00ed \u0159ad\u011b proto, \u017ee Max byl na\u0161e srde\u010dn\u00ed z\u00e1le\u017eitost, vrh s Goldie byla tak\u00e9 jeho posledn\u00ed \u0161t\u011b\u0148\u00e1tka a cht\u011bli jsme, aby jeho linie m\u011bla u n\u00e1s pokra\u010dov\u00e1n\u00ed. P\u016fvodn\u00ed idea byla na sobol\u00ed fene\u010dku, ale p\u0159\u00edroda rozhodla za n\u00e1s, proto\u017ee ve vrhu bylo sobol\u00ed \u0161t\u011bn\u011b jen jedno, a to nav\u00edc pejsek. Rika byla vesel\u00e9, mil\u00e9 \u0161t\u011b\u0148\u00e1tko s neodolateln\u00fdma \u010dern\u00fdma ou\u0161kama, p\u0159ipom\u00ednaj\u00edc\u00edma \u010capkovu D\u00e1\u0161e\u0148ku. Stala se Tom\u00e1\u0161ov\u00fdm obl\u00edben\u00fdm \u0161t\u011bn\u011btem a nakonec to byl on, kdo rozhodl, \u017ee nep\u016fjde &#8222;do sv\u011bta&#8220;, ale z\u016fstane doma. U\u017e je z n\u00ed dosp\u011bl\u00e1 fenka, ale z\u016fstala nejv\u011bt\u0161\u00edm rodinn\u00fdm mazl\u00edkem. V\u00fdstavy si u\u017e\u00edv\u00e1 a taky zaznamenala p\u011bkn\u00e9 \u00fasp\u011bchy. \ud83d\ude42<\/p>\n<p><em><strong>Rodokmen:<\/strong><\/em><\/p>\n\n\n<figure class=\"wp-block-image\"><img loading=\"lazy\" decoding=\"async\" width=\"839\" height=\"858\" src=\"http:\/\/www.tibetan-terrier.cz\/wp-content\/uploads\/2019\/07\/PP-Rika2.jpg\" alt=\"Rika Sengge pedigree\" class=\"wp-image-651\" srcset=\"https:\/\/www.tibetan-terrier.cz\/wp-content\/uploads\/2019\/07\/PP-Rika2.jpg 839w, https:\/\/www.tibetan-terrier.cz\/wp-content\/uploads\/2019\/07\/PP-Rika2-293x300.jpg 293w, https:\/\/www.tibetan-terrier.cz\/wp-content\/uploads\/2019\/07\/PP-Rika2-768x785.jpg 768w, https:\/\/www.tibetan-terrier.cz\/wp-content\/uploads\/2019\/07\/PP-Rika2-300x307.jpg 300w, https:\/\/www.tibetan-terrier.cz\/wp-content\/uploads\/2019\/07\/PP-Rika2-45x45.jpg 45w\" sizes=\"auto, (max-width: 839px) 100vw, 839px\" \/><\/figure>\n","protected":false},"excerpt":{"rendered":"<p>\u010cesk\u00e1 &amp; Slovensk\u00e1 \u0161ampionka, \u010cesk\u00e1 klubov\u00e1 \u0161ampionka, \u010cesk\u00e1 Junior \u0161ampionka, N\u00e1rodn\u00ed v\u00edt\u011bzka, V\u00edt\u011bzka Memori\u00e1lu Al-Erak + BOB, 2x CACIB etc. Female, *5. 2. 2015; BAER OK; DNA PLL + PRA3 + RCD4 + PD clear, NCL carrier; HD A\/A, PL<\/p>\n","protected":false},"author":1,"featured_media":0,"parent":0,"menu_order":0,"comment_status":"closed","ping_status":"closed","template":"","meta":{"_mo_disable_npp":"","footnotes":""},"class_list":["post-224","page","type-page","status-publish","hentry"],"yoast_head":"<!-- This site is optimized with the Yoast SEO plugin v22.0 - https:\/\/yoast.com\/wordpress\/plugins\/seo\/ -->\n<title>Ch. Rika Sengge &#039;Rika&#039; - SENGGE Tibetan Terriers<\/title>\n<meta name=\"robots\" content=\"index, follow, max-snippet:-1, max-image-preview:large, max-video-preview:-1\" \/>\n<link rel=\"canonical\" href=\"https:\/\/www.tibetan-terrier.cz\/index.php\/ch-rika-sengge\/\" \/>\n<meta property=\"og:locale\" content=\"cs_CZ\" \/>\n<meta property=\"og:type\" content=\"article\" \/>\n<meta property=\"og:title\" content=\"Ch. Rika Sengge &#039;Rika&#039; - SENGGE Tibetan Terriers\" \/>\n<meta property=\"og:description\" content=\"\u010cesk\u00e1 &amp; Slovensk\u00e1 \u0161ampionka, \u010cesk\u00e1 klubov\u00e1 \u0161ampionka, \u010cesk\u00e1 Junior \u0161ampionka, N\u00e1rodn\u00ed v\u00edt\u011bzka, V\u00edt\u011bzka Memori\u00e1lu Al-Erak + BOB, 2x CACIB etc. Female, *5. 2. 2015; BAER OK; DNA PLL + PRA3 + RCD4 + PD clear, NCL carrier; HD A\/A, PL\" \/>\n<meta property=\"og:url\" content=\"https:\/\/www.tibetan-terrier.cz\/index.php\/ch-rika-sengge\/\" \/>\n<meta property=\"og:site_name\" content=\"SENGGE Tibetan Terriers\" \/>\n<meta property=\"article:modified_time\" content=\"2022-02-03T18:06:52+00:00\" \/>\n<meta property=\"og:image\" content=\"http:\/\/www.tibetan-terrier.cz\/wp-content\/uploads\/2019\/07\/Rika-2017.jpg\" \/>\n<meta name=\"twitter:card\" content=\"summary_large_image\" \/>\n<meta name=\"twitter:label1\" content=\"Odhadovan\u00e1 doba \u010dten\u00ed\" \/>\n\t<meta name=\"twitter:data1\" content=\"1 minuta\" \/>\n<script type=\"application\/ld+json\" class=\"yoast-schema-graph\">{\"@context\":\"https:\/\/schema.org\",\"@graph\":[{\"@type\":\"WebPage\",\"@id\":\"https:\/\/www.tibetan-terrier.cz\/index.php\/ch-rika-sengge\/\",\"url\":\"https:\/\/www.tibetan-terrier.cz\/index.php\/ch-rika-sengge\/\",\"name\":\"Ch. Rika Sengge 'Rika' - SENGGE Tibetan Terriers\",\"isPartOf\":{\"@id\":\"https:\/\/www.tibetan-terrier.cz\/#website\"},\"datePublished\":\"2019-07-03T19:10:34+00:00\",\"dateModified\":\"2022-02-03T18:06:52+00:00\",\"breadcrumb\":{\"@id\":\"https:\/\/www.tibetan-terrier.cz\/index.php\/ch-rika-sengge\/#breadcrumb\"},\"inLanguage\":\"cs\",\"potentialAction\":[{\"@type\":\"ReadAction\",\"target\":[\"https:\/\/www.tibetan-terrier.cz\/index.php\/ch-rika-sengge\/\"]}]},{\"@type\":\"BreadcrumbList\",\"@id\":\"https:\/\/www.tibetan-terrier.cz\/index.php\/ch-rika-sengge\/#breadcrumb\",\"itemListElement\":[{\"@type\":\"ListItem\",\"position\":1,\"name\":\"Dom\u016f\",\"item\":\"https:\/\/www.tibetan-terrier.cz\/\"},{\"@type\":\"ListItem\",\"position\":2,\"name\":\"Ch. Rika Sengge &#8218;Rika&#8216;\"}]},{\"@type\":\"WebSite\",\"@id\":\"https:\/\/www.tibetan-terrier.cz\/#website\",\"url\":\"https:\/\/www.tibetan-terrier.cz\/\",\"name\":\"SENGGE Tibetan Terriers\",\"description\":\"\",\"publisher\":{\"@id\":\"https:\/\/www.tibetan-terrier.cz\/#\/schema\/person\/ed64c1f3c3e52fdaaeb9a3019fbfbbbd\"},\"potentialAction\":[{\"@type\":\"SearchAction\",\"target\":{\"@type\":\"EntryPoint\",\"urlTemplate\":\"https:\/\/www.tibetan-terrier.cz\/?s={search_term_string}\"},\"query-input\":\"required name=search_term_string\"}],\"inLanguage\":\"cs\"},{\"@type\":[\"Person\",\"Organization\"],\"@id\":\"https:\/\/www.tibetan-terrier.cz\/#\/schema\/person\/ed64c1f3c3e52fdaaeb9a3019fbfbbbd\",\"name\":\"Sengge\",\"image\":{\"@type\":\"ImageObject\",\"inLanguage\":\"cs\",\"@id\":\"https:\/\/www.tibetan-terrier.cz\/#\/schema\/person\/image\/\",\"url\":\"https:\/\/www.tibetan-terrier.cz\/wp-content\/uploads\/2019\/07\/SengLogo7..jpg\",\"contentUrl\":\"https:\/\/www.tibetan-terrier.cz\/wp-content\/uploads\/2019\/07\/SengLogo7..jpg\",\"width\":801,\"height\":125,\"caption\":\"Sengge\"},\"logo\":{\"@id\":\"https:\/\/www.tibetan-terrier.cz\/#\/schema\/person\/image\/\"},\"sameAs\":[\"http:\/\/www.tibetan-terrier.cz\"]}]}<\/script>\n<!-- \/ Yoast SEO plugin. -->","yoast_head_json":{"title":"Ch. Rika Sengge 'Rika' - SENGGE Tibetan Terriers","robots":{"index":"index","follow":"follow","max-snippet":"max-snippet:-1","max-image-preview":"max-image-preview:large","max-video-preview":"max-video-preview:-1"},"canonical":"https:\/\/www.tibetan-terrier.cz\/index.php\/ch-rika-sengge\/","og_locale":"cs_CZ","og_type":"article","og_title":"Ch. Rika Sengge 'Rika' - SENGGE Tibetan Terriers","og_description":"\u010cesk\u00e1 &amp; Slovensk\u00e1 \u0161ampionka, \u010cesk\u00e1 klubov\u00e1 \u0161ampionka, \u010cesk\u00e1 Junior \u0161ampionka, N\u00e1rodn\u00ed v\u00edt\u011bzka, V\u00edt\u011bzka Memori\u00e1lu Al-Erak + BOB, 2x CACIB etc. Female, *5. 2. 2015; BAER OK; DNA PLL + PRA3 + RCD4 + PD clear, NCL carrier; HD A\/A, PL","og_url":"https:\/\/www.tibetan-terrier.cz\/index.php\/ch-rika-sengge\/","og_site_name":"SENGGE Tibetan Terriers","article_modified_time":"2022-02-03T18:06:52+00:00","og_image":[{"url":"http:\/\/www.tibetan-terrier.cz\/wp-content\/uploads\/2019\/07\/Rika-2017.jpg"}],"twitter_card":"summary_large_image","twitter_misc":{"Odhadovan\u00e1 doba \u010dten\u00ed":"1 minuta"},"schema":{"@context":"https:\/\/schema.org","@graph":[{"@type":"WebPage","@id":"https:\/\/www.tibetan-terrier.cz\/index.php\/ch-rika-sengge\/","url":"https:\/\/www.tibetan-terrier.cz\/index.php\/ch-rika-sengge\/","name":"Ch. Rika Sengge 'Rika' - SENGGE Tibetan Terriers","isPartOf":{"@id":"https:\/\/www.tibetan-terrier.cz\/#website"},"datePublished":"2019-07-03T19:10:34+00:00","dateModified":"2022-02-03T18:06:52+00:00","breadcrumb":{"@id":"https:\/\/www.tibetan-terrier.cz\/index.php\/ch-rika-sengge\/#breadcrumb"},"inLanguage":"cs","potentialAction":[{"@type":"ReadAction","target":["https:\/\/www.tibetan-terrier.cz\/index.php\/ch-rika-sengge\/"]}]},{"@type":"BreadcrumbList","@id":"https:\/\/www.tibetan-terrier.cz\/index.php\/ch-rika-sengge\/#breadcrumb","itemListElement":[{"@type":"ListItem","position":1,"name":"Dom\u016f","item":"https:\/\/www.tibetan-terrier.cz\/"},{"@type":"ListItem","position":2,"name":"Ch. Rika Sengge &#8218;Rika&#8216;"}]},{"@type":"WebSite","@id":"https:\/\/www.tibetan-terrier.cz\/#website","url":"https:\/\/www.tibetan-terrier.cz\/","name":"SENGGE Tibetan Terriers","description":"","publisher":{"@id":"https:\/\/www.tibetan-terrier.cz\/#\/schema\/person\/ed64c1f3c3e52fdaaeb9a3019fbfbbbd"},"potentialAction":[{"@type":"SearchAction","target":{"@type":"EntryPoint","urlTemplate":"https:\/\/www.tibetan-terrier.cz\/?s={search_term_string}"},"query-input":"required name=search_term_string"}],"inLanguage":"cs"},{"@type":["Person","Organization"],"@id":"https:\/\/www.tibetan-terrier.cz\/#\/schema\/person\/ed64c1f3c3e52fdaaeb9a3019fbfbbbd","name":"Sengge","image":{"@type":"ImageObject","inLanguage":"cs","@id":"https:\/\/www.tibetan-terrier.cz\/#\/schema\/person\/image\/","url":"https:\/\/www.tibetan-terrier.cz\/wp-content\/uploads\/2019\/07\/SengLogo7..jpg","contentUrl":"https:\/\/www.tibetan-terrier.cz\/wp-content\/uploads\/2019\/07\/SengLogo7..jpg","width":801,"height":125,"caption":"Sengge"},"logo":{"@id":"https:\/\/www.tibetan-terrier.cz\/#\/schema\/person\/image\/"},"sameAs":["http:\/\/www.tibetan-terrier.cz"]}]}},"_links":{"self":[{"href":"https:\/\/www.tibetan-terrier.cz\/index.php\/wp-json\/wp\/v2\/pages\/224","targetHints":{"allow":["GET"]}}],"collection":[{"href":"https:\/\/www.tibetan-terrier.cz\/index.php\/wp-json\/wp\/v2\/pages"}],"about":[{"href":"https:\/\/www.tibetan-terrier.cz\/index.php\/wp-json\/wp\/v2\/types\/page"}],"author":[{"embeddable":true,"href":"https:\/\/www.tibetan-terrier.cz\/index.php\/wp-json\/wp\/v2\/users\/1"}],"replies":[{"embeddable":true,"href":"https:\/\/www.tibetan-terrier.cz\/index.php\/wp-json\/wp\/v2\/comments?post=224"}],"version-history":[{"count":21,"href":"https:\/\/www.tibetan-terrier.cz\/index.php\/wp-json\/wp\/v2\/pages\/224\/revisions"}],"predecessor-version":[{"id":1852,"href":"https:\/\/www.tibetan-terrier.cz\/index.php\/wp-json\/wp\/v2\/pages\/224\/revisions\/1852"}],"wp:attachment":[{"href":"https:\/\/www.tibetan-terrier.cz\/index.php\/wp-json\/wp\/v2\/media?parent=224"}],"curies":[{"name":"wp","href":"https:\/\/api.w.org\/{rel}","templated":true}]}}