{"id":314,"date":"2019-07-04T10:40:11","date_gmt":"2019-07-04T10:40:11","guid":{"rendered":"http:\/\/www.tibetan-terrier.cz\/?page_id=314"},"modified":"2019-07-07T19:38:43","modified_gmt":"2019-07-07T19:38:43","slug":"quando-sengge-zorro","status":"publish","type":"page","link":"https:\/\/www.tibetan-terrier.cz\/index.php\/quando-sengge-zorro\/","title":{"rendered":"Quando Sengge  &#8218;Zorro&#8216;"},"content":{"rendered":"\n<p style=\"text-align:center\"><strong>3x CAC (SK), CWC (PL), CACA (A), \u00d6sterreichischer Bundesjugendsieger, Res. CACIB<\/strong> <\/p>\n\n\n<p><img loading=\"lazy\" decoding=\"async\" class=\"wp-image-192 aligncenter\" src=\"http:\/\/www.tibetan-terrier.cz\/wp-content\/uploads\/2019\/07\/Zorro-17m01-300x230.jpg\" alt=\"\" width=\"417\" height=\"320\" srcset=\"https:\/\/www.tibetan-terrier.cz\/wp-content\/uploads\/2019\/07\/Zorro-17m01-300x230.jpg 300w, https:\/\/www.tibetan-terrier.cz\/wp-content\/uploads\/2019\/07\/Zorro-17m01.jpg 521w\" sizes=\"auto, (max-width: 417px) 100vw, 417px\" \/><\/p>\n\n\n<p style=\"text-align:center\"><strong>Pes (male), *19. 4. 2009. <\/strong><\/p>\n\n\n\n<p>Quando byl mil\u00fd temperamentn\u00ed pes. \u0158\u00edkali jsme mu <strong>Zorro<\/strong>,   proto\u017ee to byl stejn\u011b neodolateln\u00fd fe\u0161\u00e1k jako Antonio Banderas ve&nbsp;filmu o&nbsp;Zorrovi \ud83d\ude42<\/p>\n\n\n\n<p>Quando  byl mil\u00fd a p\u0159\u00e1telsk\u00fd, r\u00e1d se zavd\u011b\u010dil a miloval mazlen\u00ed. Byl to vesel\u00fd  pes, kter\u00fd si r\u00e1d zalumpa\u010dil s\u00a0k\u00fdmkoliv ze \u010dlen\u016f na\u0161\u00ed sme\u010dky, ale  nejv\u011bt\u0161\u00ed kamar\u00e1d byl se sv\u00fdm tat\u00ednkem <a href=\"http:\/\/www.tibetan-terrier.cz\/index.php\/c-i-b-marco-polo-sengge\/\">Maxem<\/a> &#8211; vytvo\u0159ili dokonal\u00fd tandem  ve h\u0159e, na proch\u00e1zk\u00e1ch i\u00a0u\u00a0misky. <\/p>\n\n\n\n<p>Zorro  byl od za\u010d\u00e1tku moje &#8222;srde\u010dn\u00ed z\u00e1le\u017eitost&#8220; a tak jsem se mu sna\u017eila  vybrat takov\u00e9 majitele, kte\u0159\u00ed by se s&nbsp;n\u00edm objevili na v\u00fdstav\u00e1ch a se  kter\u00fdmi bych z\u00e1rove\u0148 mohla z\u016fstat v&nbsp;pravideln\u00e9m kontaktu. No a dopadlo  to tak, jak se v&nbsp;takov\u00fdch p\u0159\u00edpadech d\u00e1 \u010dekat &#8211; hledala jsem pro n\u011bj ty  nejspr\u00e1vn\u011bj\u0161\u00ed p\u00e1ne\u010dky tak dlouho, a\u017e u&nbsp;n\u00e1s z\u016fstal&#8230;   <\/p>\n\n\n\n<p><strong><em>Rodokmen<\/em><\/strong><\/p>\n\n\n\n<figure class=\"wp-block-image\"><img loading=\"lazy\" decoding=\"async\" width=\"654\" height=\"819\" src=\"http:\/\/www.tibetan-terrier.cz\/wp-content\/uploads\/2019\/07\/PP-Quando2.jpg\" alt=\"\" class=\"wp-image-597\" srcset=\"https:\/\/www.tibetan-terrier.cz\/wp-content\/uploads\/2019\/07\/PP-Quando2.jpg 654w, https:\/\/www.tibetan-terrier.cz\/wp-content\/uploads\/2019\/07\/PP-Quando2-240x300.jpg 240w, https:\/\/www.tibetan-terrier.cz\/wp-content\/uploads\/2019\/07\/PP-Quando2-300x376.jpg 300w\" sizes=\"auto, (max-width: 654px) 100vw, 654px\" \/><\/figure>\n","protected":false},"excerpt":{"rendered":"<p>3x CAC (SK), CWC (PL), CACA (A), \u00d6sterreichischer Bundesjugendsieger, Res. CACIB Pes (male), *19. 4. 2009. Quando byl mil\u00fd temperamentn\u00ed pes. \u0158\u00edkali jsme mu Zorro, proto\u017ee to byl stejn\u011b neodolateln\u00fd fe\u0161\u00e1k jako Antonio Banderas ve&nbsp;filmu o&nbsp;Zorrovi \ud83d\ude42 Quando byl mil\u00fd<\/p>\n","protected":false},"author":1,"featured_media":0,"parent":0,"menu_order":0,"comment_status":"closed","ping_status":"closed","template":"","meta":{"_mo_disable_npp":"","footnotes":""},"class_list":["post-314","page","type-page","status-publish","hentry"],"yoast_head":"<!-- This site is optimized with the Yoast SEO plugin v22.0 - https:\/\/yoast.com\/wordpress\/plugins\/seo\/ -->\n<title>Quando Sengge &#039;Zorro&#039; - SENGGE Tibetan Terriers<\/title>\n<meta name=\"robots\" content=\"index, follow, max-snippet:-1, max-image-preview:large, max-video-preview:-1\" \/>\n<link rel=\"canonical\" href=\"https:\/\/www.tibetan-terrier.cz\/index.php\/quando-sengge-zorro\/\" \/>\n<meta property=\"og:locale\" content=\"cs_CZ\" \/>\n<meta property=\"og:type\" content=\"article\" \/>\n<meta property=\"og:title\" content=\"Quando Sengge &#039;Zorro&#039; - SENGGE Tibetan Terriers\" \/>\n<meta property=\"og:description\" content=\"3x CAC (SK), CWC (PL), CACA (A), \u00d6sterreichischer Bundesjugendsieger, Res. CACIB Pes (male), *19. 4. 2009. Quando byl mil\u00fd temperamentn\u00ed pes. \u0158\u00edkali jsme mu Zorro, proto\u017ee to byl stejn\u011b neodolateln\u00fd fe\u0161\u00e1k jako Antonio Banderas ve&nbsp;filmu o&nbsp;Zorrovi \ud83d\ude42 Quando byl mil\u00fd\" \/>\n<meta property=\"og:url\" content=\"https:\/\/www.tibetan-terrier.cz\/index.php\/quando-sengge-zorro\/\" \/>\n<meta property=\"og:site_name\" content=\"SENGGE Tibetan Terriers\" \/>\n<meta property=\"article:modified_time\" content=\"2019-07-07T19:38:43+00:00\" \/>\n<meta property=\"og:image\" content=\"http:\/\/www.tibetan-terrier.cz\/wp-content\/uploads\/2019\/07\/Zorro-17m01-300x230.jpg\" \/>\n<meta name=\"twitter:card\" content=\"summary_large_image\" \/>\n<meta name=\"twitter:label1\" content=\"Odhadovan\u00e1 doba \u010dten\u00ed\" \/>\n\t<meta name=\"twitter:data1\" content=\"1 minuta\" \/>\n<script type=\"application\/ld+json\" class=\"yoast-schema-graph\">{\"@context\":\"https:\/\/schema.org\",\"@graph\":[{\"@type\":\"WebPage\",\"@id\":\"https:\/\/www.tibetan-terrier.cz\/index.php\/quando-sengge-zorro\/\",\"url\":\"https:\/\/www.tibetan-terrier.cz\/index.php\/quando-sengge-zorro\/\",\"name\":\"Quando Sengge 'Zorro' - SENGGE Tibetan Terriers\",\"isPartOf\":{\"@id\":\"https:\/\/www.tibetan-terrier.cz\/#website\"},\"datePublished\":\"2019-07-04T10:40:11+00:00\",\"dateModified\":\"2019-07-07T19:38:43+00:00\",\"breadcrumb\":{\"@id\":\"https:\/\/www.tibetan-terrier.cz\/index.php\/quando-sengge-zorro\/#breadcrumb\"},\"inLanguage\":\"cs\",\"potentialAction\":[{\"@type\":\"ReadAction\",\"target\":[\"https:\/\/www.tibetan-terrier.cz\/index.php\/quando-sengge-zorro\/\"]}]},{\"@type\":\"BreadcrumbList\",\"@id\":\"https:\/\/www.tibetan-terrier.cz\/index.php\/quando-sengge-zorro\/#breadcrumb\",\"itemListElement\":[{\"@type\":\"ListItem\",\"position\":1,\"name\":\"Dom\u016f\",\"item\":\"https:\/\/www.tibetan-terrier.cz\/\"},{\"@type\":\"ListItem\",\"position\":2,\"name\":\"Quando Sengge &#8218;Zorro&#8216;\"}]},{\"@type\":\"WebSite\",\"@id\":\"https:\/\/www.tibetan-terrier.cz\/#website\",\"url\":\"https:\/\/www.tibetan-terrier.cz\/\",\"name\":\"SENGGE Tibetan Terriers\",\"description\":\"\",\"publisher\":{\"@id\":\"https:\/\/www.tibetan-terrier.cz\/#\/schema\/person\/ed64c1f3c3e52fdaaeb9a3019fbfbbbd\"},\"potentialAction\":[{\"@type\":\"SearchAction\",\"target\":{\"@type\":\"EntryPoint\",\"urlTemplate\":\"https:\/\/www.tibetan-terrier.cz\/?s={search_term_string}\"},\"query-input\":\"required name=search_term_string\"}],\"inLanguage\":\"cs\"},{\"@type\":[\"Person\",\"Organization\"],\"@id\":\"https:\/\/www.tibetan-terrier.cz\/#\/schema\/person\/ed64c1f3c3e52fdaaeb9a3019fbfbbbd\",\"name\":\"Sengge\",\"image\":{\"@type\":\"ImageObject\",\"inLanguage\":\"cs\",\"@id\":\"https:\/\/www.tibetan-terrier.cz\/#\/schema\/person\/image\/\",\"url\":\"https:\/\/www.tibetan-terrier.cz\/wp-content\/uploads\/2019\/07\/SengLogo7..jpg\",\"contentUrl\":\"https:\/\/www.tibetan-terrier.cz\/wp-content\/uploads\/2019\/07\/SengLogo7..jpg\",\"width\":801,\"height\":125,\"caption\":\"Sengge\"},\"logo\":{\"@id\":\"https:\/\/www.tibetan-terrier.cz\/#\/schema\/person\/image\/\"},\"sameAs\":[\"http:\/\/www.tibetan-terrier.cz\"]}]}<\/script>\n<!-- \/ Yoast SEO plugin. -->","yoast_head_json":{"title":"Quando Sengge 'Zorro' - SENGGE Tibetan Terriers","robots":{"index":"index","follow":"follow","max-snippet":"max-snippet:-1","max-image-preview":"max-image-preview:large","max-video-preview":"max-video-preview:-1"},"canonical":"https:\/\/www.tibetan-terrier.cz\/index.php\/quando-sengge-zorro\/","og_locale":"cs_CZ","og_type":"article","og_title":"Quando Sengge 'Zorro' - SENGGE Tibetan Terriers","og_description":"3x CAC (SK), CWC (PL), CACA (A), \u00d6sterreichischer Bundesjugendsieger, Res. CACIB Pes (male), *19. 4. 2009. Quando byl mil\u00fd temperamentn\u00ed pes. \u0158\u00edkali jsme mu Zorro, proto\u017ee to byl stejn\u011b neodolateln\u00fd fe\u0161\u00e1k jako Antonio Banderas ve&nbsp;filmu o&nbsp;Zorrovi \ud83d\ude42 Quando byl mil\u00fd","og_url":"https:\/\/www.tibetan-terrier.cz\/index.php\/quando-sengge-zorro\/","og_site_name":"SENGGE Tibetan Terriers","article_modified_time":"2019-07-07T19:38:43+00:00","og_image":[{"url":"http:\/\/www.tibetan-terrier.cz\/wp-content\/uploads\/2019\/07\/Zorro-17m01-300x230.jpg"}],"twitter_card":"summary_large_image","twitter_misc":{"Odhadovan\u00e1 doba \u010dten\u00ed":"1 minuta"},"schema":{"@context":"https:\/\/schema.org","@graph":[{"@type":"WebPage","@id":"https:\/\/www.tibetan-terrier.cz\/index.php\/quando-sengge-zorro\/","url":"https:\/\/www.tibetan-terrier.cz\/index.php\/quando-sengge-zorro\/","name":"Quando Sengge 'Zorro' - SENGGE Tibetan Terriers","isPartOf":{"@id":"https:\/\/www.tibetan-terrier.cz\/#website"},"datePublished":"2019-07-04T10:40:11+00:00","dateModified":"2019-07-07T19:38:43+00:00","breadcrumb":{"@id":"https:\/\/www.tibetan-terrier.cz\/index.php\/quando-sengge-zorro\/#breadcrumb"},"inLanguage":"cs","potentialAction":[{"@type":"ReadAction","target":["https:\/\/www.tibetan-terrier.cz\/index.php\/quando-sengge-zorro\/"]}]},{"@type":"BreadcrumbList","@id":"https:\/\/www.tibetan-terrier.cz\/index.php\/quando-sengge-zorro\/#breadcrumb","itemListElement":[{"@type":"ListItem","position":1,"name":"Dom\u016f","item":"https:\/\/www.tibetan-terrier.cz\/"},{"@type":"ListItem","position":2,"name":"Quando Sengge &#8218;Zorro&#8216;"}]},{"@type":"WebSite","@id":"https:\/\/www.tibetan-terrier.cz\/#website","url":"https:\/\/www.tibetan-terrier.cz\/","name":"SENGGE Tibetan Terriers","description":"","publisher":{"@id":"https:\/\/www.tibetan-terrier.cz\/#\/schema\/person\/ed64c1f3c3e52fdaaeb9a3019fbfbbbd"},"potentialAction":[{"@type":"SearchAction","target":{"@type":"EntryPoint","urlTemplate":"https:\/\/www.tibetan-terrier.cz\/?s={search_term_string}"},"query-input":"required name=search_term_string"}],"inLanguage":"cs"},{"@type":["Person","Organization"],"@id":"https:\/\/www.tibetan-terrier.cz\/#\/schema\/person\/ed64c1f3c3e52fdaaeb9a3019fbfbbbd","name":"Sengge","image":{"@type":"ImageObject","inLanguage":"cs","@id":"https:\/\/www.tibetan-terrier.cz\/#\/schema\/person\/image\/","url":"https:\/\/www.tibetan-terrier.cz\/wp-content\/uploads\/2019\/07\/SengLogo7..jpg","contentUrl":"https:\/\/www.tibetan-terrier.cz\/wp-content\/uploads\/2019\/07\/SengLogo7..jpg","width":801,"height":125,"caption":"Sengge"},"logo":{"@id":"https:\/\/www.tibetan-terrier.cz\/#\/schema\/person\/image\/"},"sameAs":["http:\/\/www.tibetan-terrier.cz"]}]}},"_links":{"self":[{"href":"https:\/\/www.tibetan-terrier.cz\/index.php\/wp-json\/wp\/v2\/pages\/314","targetHints":{"allow":["GET"]}}],"collection":[{"href":"https:\/\/www.tibetan-terrier.cz\/index.php\/wp-json\/wp\/v2\/pages"}],"about":[{"href":"https:\/\/www.tibetan-terrier.cz\/index.php\/wp-json\/wp\/v2\/types\/page"}],"author":[{"embeddable":true,"href":"https:\/\/www.tibetan-terrier.cz\/index.php\/wp-json\/wp\/v2\/users\/1"}],"replies":[{"embeddable":true,"href":"https:\/\/www.tibetan-terrier.cz\/index.php\/wp-json\/wp\/v2\/comments?post=314"}],"version-history":[{"count":5,"href":"https:\/\/www.tibetan-terrier.cz\/index.php\/wp-json\/wp\/v2\/pages\/314\/revisions"}],"predecessor-version":[{"id":599,"href":"https:\/\/www.tibetan-terrier.cz\/index.php\/wp-json\/wp\/v2\/pages\/314\/revisions\/599"}],"wp:attachment":[{"href":"https:\/\/www.tibetan-terrier.cz\/index.php\/wp-json\/wp\/v2\/media?parent=314"}],"curies":[{"name":"wp","href":"https:\/\/api.w.org\/{rel}","templated":true}]}}